{"id":6447,"date":"2025-06-08T08:58:34","date_gmt":"2025-06-08T06:58:34","guid":{"rendered":"https:\/\/climateking.eu\/politica-de-privacidad\/"},"modified":"2026-01-13T14:12:04","modified_gmt":"2026-01-13T13:12:04","slug":"politica-de-privacidad","status":"publish","type":"page","link":"https:\/\/climateking.eu\/es\/politica-de-privacidad\/","title":{"rendered":"Pol\u00edtica de privacidad"},"content":{"rendered":"<div class=\"wpb-content-wrapper\"><p>[vc_row full_width=\"stretch_row\" content_placement=\"middle\" css=\".vc_custom_1734164499306{padding-top: 20px !important;background-image: url(https:\/\/climateking.eu\/wp-content\/uploads\/2024\/12\/Garantie-comp.jpg?id=3103) !important;background-position: center !important;background-repeat: no-repeat !important;background-size: cover !important;}\"][vc_column offset=\"vc_hidden-xs\"][vc_column_text css=\"\"]<\/p>\n<h2 style=\"color: #ffffff; font-size: 60px; line-height: 1; text-align: left; font-weight: 300;\">PRIVACIDAD<\/h2>\n<p>[\/vc_column_text][vc_empty_space height=\"150px\"][\/vc_column][vc_column offset=\"vc_hidden-lg vc_hidden-md vc_hidden-sm\"][vc_column_text css=\"\"]<\/p>\n<h2 style=\"color: #ffffff; font-size: 25px; line-height: 1; text-align: left; font-weight: 300;\">PRIVACIDAD<\/h2>\n<p>[\/vc_column_text][vc_empty_space height=\"125px\"][\/vc_column][\/vc_row][vc_row][vc_column][vc_column_text css=\"\"]<\/p>\n<h1>Pol\u00edtica de privacidad de Climate King BV<\/h1>\n<p><strong>Clientes comerciales (B2B)<\/strong><\/p>\n<p><strong>Climate King BV<\/strong><br \/>\nTextielstraat 28D<br \/>\n7575 CA Oldenzaal<\/p>\n<p>N\u00famero de Kvk: 73418137<br \/>\nN\u00famero de IVA: NL859528583B01<\/p>\n<hr>\n<p data-start=\"389\" data-end=\"695\">Concedemos gran importancia a su privacidad. En esta declaraci\u00f3n de privacidad explicamos qu\u00e9 datos recopilamos y utilizamos, y con qu\u00e9 fin. Esta declaraci\u00f3n se aplica a todos los procesamientos de datos a trav\u00e9s de nuestro sitio web [<a class=\"\" href=\"http:\/\/www.climateking.nl\" target=\"_new\" rel=\"noopener\">www.climateking.nl<\/a>] y al tramitar los pedidos.  <\/p>\n<h2 data-start=\"265\" data-end=\"316\">1. \u00bfQui\u00e9n es responsable de sus datos?<\/h2>\n<p data-start=\"317\" data-end=\"409\">Climate King BV es la parte responsable del procesamiento de sus datos personales.<\/p>\n<h2 data-start=\"411\" data-end=\"456\">2. \u00bfQu\u00e9 datos personales procesamos?<\/h2>\n<p data-start=\"457\" data-end=\"626\">Cuando usted, como cliente comercial, utiliza nuestros servicios o realiza un pedido, procesamos los siguientes datos de las personas de contacto dentro de su organizaci\u00f3n:<\/p>\n<ul data-start=\"628\" data-end=\"887\">\n<li data-start=\"628\" data-end=\"658\">\n<p data-start=\"630\" data-end=\"658\">Nombre de la persona de contacto<\/p>\n<\/li>\n<li data-start=\"659\" data-end=\"675\">\n<p data-start=\"661\" data-end=\"675\">Nombre de la empresa<\/p>\n<\/li>\n<li data-start=\"676\" data-end=\"720\">\n<p data-start=\"678\" data-end=\"720\">Datos de la direcci\u00f3n (direcci\u00f3n de facturaci\u00f3n y de env\u00edo)<\/p>\n<\/li>\n<li data-start=\"721\" data-end=\"748\">\n<p data-start=\"723\" data-end=\"748\">N\u00famero de tel\u00e9fono comercial<\/p>\n<\/li>\n<li data-start=\"749\" data-end=\"773\">\n<p data-start=\"751\" data-end=\"773\">Direcci\u00f3n de correo electr\u00f3nico comercial<\/p>\n<\/li>\n<li data-start=\"774\" data-end=\"786\">\n<p data-start=\"776\" data-end=\"786\">Direcci\u00f3n IP<\/p>\n<\/li>\n<li data-start=\"787\" data-end=\"836\">\n<p data-start=\"789\" data-end=\"836\">Datos de pago (a trav\u00e9s de su m\u00e9todo de pago elegido)<\/p>\n<\/li>\n<li data-start=\"837\" data-end=\"859\">\n<p data-start=\"839\" data-end=\"859\">Historial de pedidos<\/p>\n<\/li>\n<li data-start=\"860\" data-end=\"887\">\n<p data-start=\"862\" data-end=\"887\">Posible correspondencia<\/p>\n<\/li>\n<\/ul>\n<h2 data-start=\"889\" data-end=\"934\">3. \u00bfPara qu\u00e9 utilizamos estos datos?<\/h2>\n<p data-start=\"935\" data-end=\"991\">Utilizamos estos datos para los siguientes fines:<\/p>\n<ul data-start=\"993\" data-end=\"1387\">\n<li data-start=\"993\" data-end=\"1041\">\n<p data-start=\"995\" data-end=\"1041\">El procesamiento de pedidos y pagos<\/p>\n<\/li>\n<li data-start=\"1042\" data-end=\"1074\">\n<p data-start=\"1044\" data-end=\"1074\">La entrega de los productos<\/p>\n<\/li>\n<li data-start=\"1075\" data-end=\"1140\">\n<p data-start=\"1077\" data-end=\"1140\">El mantenimiento del historial de pedidos y para la administraci\u00f3n<\/p>\n<\/li>\n<li data-start=\"1141\" data-end=\"1185\">\n<p data-start=\"1143\" data-end=\"1185\">Comunicaci\u00f3n sobre pedidos o preguntas<\/p>\n<\/li>\n<li data-start=\"1186\" data-end=\"1254\">\n<p data-start=\"1188\" data-end=\"1254\">Cumplir con las obligaciones legales (como la legislaci\u00f3n fiscal)<\/p>\n<\/li>\n<li data-start=\"1255\" data-end=\"1299\">\n<p data-start=\"1257\" data-end=\"1299\">Seguridad de nuestro sitio web y servicios<\/p>\n<\/li>\n<li data-start=\"1300\" data-end=\"1387\">\n<p data-start=\"1302\" data-end=\"1387\">Env\u00edo de boletines o actualizaciones comerciales, si se ha dado el consentimiento para ello<\/p>\n<\/li>\n<\/ul>\n<h2 data-start=\"1389\" data-end=\"1427\">4. Fundamento jur\u00eddico para el procesamiento<\/h2>\n<p data-start=\"1428\" data-end=\"1472\">Procesamos datos personales sobre la base de:<\/p>\n<ul data-start=\"1474\" data-end=\"1787\">\n<li data-start=\"1474\" data-end=\"1548\">\n<p data-start=\"1476\" data-end=\"1548\">Ejecuci\u00f3n del acuerdo (como el procesamiento de su pedido)<\/p>\n<\/li>\n<li data-start=\"1549\" data-end=\"1607\">\n<p data-start=\"1551\" data-end=\"1607\">Obligaciones legales (como la obligaci\u00f3n legal de conservaci\u00f3n)<\/p>\n<\/li>\n<li data-start=\"1608\" data-end=\"1712\">\n<p data-start=\"1610\" data-end=\"1712\">Inter\u00e9s leg\u00edtimo (por ejemplo, el mantenimiento de las relaciones con los clientes o la seguridad del sitio web)<\/p>\n<\/li>\n<li data-start=\"1713\" data-end=\"1787\">\n<p data-start=\"1715\" data-end=\"1787\">Consentimiento (para el env\u00edo de boletines o mensajes de marketing)<\/p>\n<\/li>\n<\/ul>\n<h2 data-start=\"1789\" data-end=\"1832\">5. \u00bfCu\u00e1nto tiempo conservamos sus datos?<\/h2>\n<p data-start=\"1833\" data-end=\"2059\">No conservamos los datos personales m\u00e1s tiempo del necesario para los fines para los que fueron recopilados, a menos que estemos legalmente obligados a conservar los datos durante m\u00e1s tiempo. En general, utilizamos los siguientes plazos de conservaci\u00f3n: <\/p>\n<ul data-start=\"2061\" data-end=\"2240\">\n<li data-start=\"2061\" data-end=\"2134\">\n<p data-start=\"2063\" data-end=\"2134\">Datos de facturas y pedidos: m\u00ednimo 7 a\u00f1os (obligaci\u00f3n legal)<\/p>\n<\/li>\n<li data-start=\"2135\" data-end=\"2196\">\n<p data-start=\"2137\" data-end=\"2196\">Correspondencia y preguntas de los clientes: hasta 2 a\u00f1os despu\u00e9s de la tramitaci\u00f3n<\/p>\n<\/li>\n<li data-start=\"2197\" data-end=\"2240\">\n<p data-start=\"2199\" data-end=\"2240\">Registro al bolet\u00edn: hasta la baja<\/p>\n<\/li>\n<\/ul>\n<h2 data-start=\"2242\" data-end=\"2279\">6. Compartir datos con terceros<\/h2>\n<p data-start=\"2280\" data-end=\"2467\">No vendemos sus datos a terceros. Solo compartimos datos si es necesario para nuestros servicios o si estamos legalmente obligados a hacerlo. Piense en:  <\/p>\n<ul data-start=\"2469\" data-end=\"2741\">\n<li data-start=\"2469\" data-end=\"2530\">\n<p data-start=\"2471\" data-end=\"2530\">Proveedores de servicios de pago (para el procesamiento de pagos)<\/p>\n<\/li>\n<li data-start=\"2531\" data-end=\"2602\">\n<p data-start=\"2533\" data-end=\"2602\">Transportistas y servicios de entrega (para la entrega de pedidos)<\/p>\n<\/li>\n<li data-start=\"2603\" data-end=\"2670\">\n<p data-start=\"2605\" data-end=\"2670\">Proveedores de servicios de TI (para el alojamiento y el mantenimiento de nuestro sitio web)<\/p>\n<\/li>\n<li data-start=\"2671\" data-end=\"2741\">\n<p data-start=\"2673\" data-end=\"2741\">Socios de administraci\u00f3n y contabilidad (para la administraci\u00f3n financiera)<\/p>\n<\/li>\n<\/ul>\n<p data-start=\"2743\" data-end=\"2828\">Con estas partes celebramos acuerdos de procesamiento para garantizar su privacidad.<\/p>\n<h2 data-start=\"2830\" data-end=\"2870\">7. Seguridad de los datos personales<\/h2>\n<p data-start=\"2871\" data-end=\"3042\">Tomamos las medidas t\u00e9cnicas y organizativas adecuadas para proteger sus datos personales contra la p\u00e9rdida, el acceso no autorizado o el uso indebido. Piense en: <\/p>\n<ul data-start=\"3044\" data-end=\"3158\">\n<li data-start=\"3044\" data-end=\"3083\">\n<p data-start=\"3046\" data-end=\"3083\">Conexiones cifradas (SSL\/TLS)<\/p>\n<\/li>\n<li data-start=\"3084\" data-end=\"3118\">\n<p data-start=\"3086\" data-end=\"3118\">Almacenamiento seguro de datos<\/p>\n<\/li>\n<li data-start=\"3119\" data-end=\"3158\">\n<p data-start=\"3121\" data-end=\"3158\">Acceso limitado a los datos personales<\/p>\n<\/li>\n<\/ul>\n<h2 data-start=\"3160\" data-end=\"3175\">8. Cookies<\/h2>\n<p data-start=\"3176\" data-end=\"3336\">Nuestro sitio web utiliza cookies para mejorar la funcionalidad y la facilidad de uso. Para obtener m\u00e1s informaci\u00f3n, consulte nuestra pol\u00edtica de cookies. <\/p>\n<h2 data-start=\"3338\" data-end=\"3358\">9. Sus derechos<\/h2>\n<p data-start=\"3359\" data-end=\"3380\">Tiene derecho a:<\/p>\n<ul data-start=\"3382\" data-end=\"3670\">\n<li data-start=\"3382\" data-end=\"3426\">\n<p data-start=\"3384\" data-end=\"3426\">Acceder a sus datos personales<\/p>\n<\/li>\n<li data-start=\"3427\" data-end=\"3477\">\n<p data-start=\"3429\" data-end=\"3477\">Hacer que sus datos sean corregidos o eliminados<\/p>\n<\/li>\n<li data-start=\"3478\" data-end=\"3526\">\n<p data-start=\"3480\" data-end=\"3526\">Oponerse a determinados procesamientos<\/p>\n<\/li>\n<li data-start=\"3527\" data-end=\"3607\">\n<p data-start=\"3529\" data-end=\"3607\">Retirar el consentimiento para recibir boletines en cualquier momento<\/p>\n<\/li>\n<li data-start=\"3608\" data-end=\"3670\">\n<p data-start=\"3610\" data-end=\"3670\">Presentar una queja ante la Autoridad de Datos Personales<\/p>\n<\/li>\n<\/ul>\n<p data-start=\"3672\" data-end=\"3767\">\u00bfDesea hacer uso de estos derechos? P\u00f3ngase en contacto con nosotros. <\/p>\n<h2 data-start=\"3769\" data-end=\"3815\">10. Modificaciones en esta declaraci\u00f3n de privacidad<\/h2>\n<p data-start=\"3816\" data-end=\"3994\">Podemos modificar esta declaraci\u00f3n de privacidad de vez en cuando. La versi\u00f3n m\u00e1s actual siempre se puede encontrar en nuestro sitio web. Le recomendamos que consulte esta declaraci\u00f3n con regularidad.  <\/p>\n<p>[\/vc_column_text][\/vc_column][\/vc_row]<\/p>\n<\/div>","protected":false},"excerpt":{"rendered":"<p>[vc_row full_width=\"stretch_row\" content_placement=\"middle\" css=\".vc_custom_1734164499306{padding-top: 20px !important;background-image: url(https:\/\/climateking.eu\/wp-content\/uploads\/2024\/12\/Garantie-comp.jpg?id=3103) !important;background-position: center !important;background-repeat: no-repeat !important;background-size: cover !important;}\"][vc_column offset=\"vc_hidden-xs\"][vc_column_text css=\"\"] PRIVACIDAD [\/vc_column_text][vc_empty_space height=\"150px\"][\/vc_column][vc_column offset=\"vc_hidden-lg vc_hidden-md vc_hidden-sm\"][vc_column_text css=\"\"] PRIVACIDAD [\/vc_column_text][vc_empty_space height=\"125px\"][\/vc_column][\/vc_row][vc_row][vc_column][vc_column_text css=\"\"] Pol\u00edtica de privacidad de Climate King BV Clientes comerciales (B2B) Climate King BV Textielstraat 28D 7575 CA Oldenzaal N\u00famero de Kvk: 73418137 N\u00famero de IVA: NL859528583B01 Concedemos gran [&hellip;]<\/p>\n","protected":false},"author":1,"featured_media":0,"parent":0,"menu_order":0,"comment_status":"closed","ping_status":"closed","template":"","meta":{"footnotes":""},"class_list":["post-6447","page","type-page","status-publish","hentry"],"blocksy_meta":[],"_links":{"self":[{"href":"https:\/\/climateking.eu\/es\/wp-json\/wp\/v2\/pages\/6447","targetHints":{"allow":["GET"]}}],"collection":[{"href":"https:\/\/climateking.eu\/es\/wp-json\/wp\/v2\/pages"}],"about":[{"href":"https:\/\/climateking.eu\/es\/wp-json\/wp\/v2\/types\/page"}],"author":[{"embeddable":true,"href":"https:\/\/climateking.eu\/es\/wp-json\/wp\/v2\/users\/1"}],"replies":[{"embeddable":true,"href":"https:\/\/climateking.eu\/es\/wp-json\/wp\/v2\/comments?post=6447"}],"version-history":[{"count":1,"href":"https:\/\/climateking.eu\/es\/wp-json\/wp\/v2\/pages\/6447\/revisions"}],"predecessor-version":[{"id":6450,"href":"https:\/\/climateking.eu\/es\/wp-json\/wp\/v2\/pages\/6447\/revisions\/6450"}],"wp:attachment":[{"href":"https:\/\/climateking.eu\/es\/wp-json\/wp\/v2\/media?parent=6447"}],"curies":[{"name":"wp","href":"https:\/\/api.w.org\/{rel}","templated":true}]}}