{"id":6412,"date":"2025-05-15T13:36:08","date_gmt":"2025-05-15T11:36:08","guid":{"rendered":"https:\/\/climateking.eu\/aire-acondicionado-sin-unidad-exterior-bienvenido-al-futuro\/"},"modified":"2025-12-27T09:51:49","modified_gmt":"2025-12-27T08:51:49","slug":"aire-acondicionado-sin-unidad-exterior-bienvenido-al-futuro","status":"publish","type":"page","link":"https:\/\/climateking.eu\/es\/aire-acondicionado-sin-unidad-exterior-bienvenido-al-futuro\/","title":{"rendered":"\u00bfAire acondicionado sin unidad exterior? Bienvenido al futuro."},"content":{"rendered":"<div class=\"wpb-content-wrapper\"><p>[vc_row full_width=\"stretch_row\" css=\".vc_custom_1747310042125{background-color: #C2C2C2 !important;}\"][vc_column][vc_custom_heading text=\"\u00bfAire acondicionado sin unidad exterior? Bienvenido al futuro. \" font_container=\"tag:h2|text_align:center\" use_theme_fonts=\"yes\" css=\"\"][vc_column_text css=\".vc_custom_1747313056943{padding-bottom: 30px !important;}\"]<\/p>\n<p style=\"text-align: center;\"><a href=\"\/\">Inicio<\/a> &gt; <a href=\"\/homepage\">P\u00e1gina de inicio<\/a> &gt; \u00bfAire acondicionado sin unidad exterior? Bienvenido al futuro. <\/p>\n<p>[\/vc_column_text][\/vc_column][\/vc_row][vc_row][vc_column][vc_column_text css=\"\" el_class=\"a1&#8243;]Descubra el <strong>modelo de pared Monobloque de Climate King<\/strong>: un sistema todo en uno, elegante e inteligente, para calentar y enfriar, que funciona completamente en interiores. Sin unidad exterior, sin complicaciones, solo confort durante todo el a\u00f1o.[\/vc_column_text][\/vc_column][\/vc_row][vc_row][vc_column][vc_custom_heading text=\"\u00bfPor qu\u00e9 elegir el modelo de pared Monobloque de Climate King?\" font_container=\"tag:h2|font_size:25|text_align:center\" use_theme_fonts=\"yes\" css=\"\"][\/vc_column][\/vc_row][vc_row css=\".vc_custom_1747312628629{margin-top: 30px !important;}\"][vc_column width=\"1\/3&#8243;][vc_custom_heading text=\"Todo dentro, todo controlado\" font_container=\"tag:h2|font_size:23|text_align:left\" use_theme_fonts=\"yes\" css=\"\" el_class=\"a2&#8243;][vc_column_text css=\"\" el_class=\"a3&#8243;]Una sola unidad compacta que lo tiene todo: el compresor, el condensador y el evaporador est\u00e1n inteligentemente integrados en un solo aparato. Sin componentes externos, sin trabajos de instalaci\u00f3n en el exterior. Simplemente confort interior, sin concesiones.[\/vc_column_text][\/vc_column][vc_column width=\"1\/3&#8243;][vc_custom_heading text=\"Bueno para usted, bueno para el planeta\" font_container=\"tag:h2|font_size:23|text_align:left\" use_theme_fonts=\"yes\" css=\"\" el_class=\"a4&#8243;][vc_column_text css=\"\" el_class=\"a5&#8243;]\u2022 Funciona con el refrigerante R290, respetuoso con el medio ambiente<br \/>\u2022 Bajo consumo de energ\u00eda, alta eficiencia<br \/>\u2022 Duradero y potente, preparado para el futuro[\/vc_column_text][\/vc_column][vc_column width=\"1\/3&#8243;][vc_custom_heading text=\"Inteligente y sencillo de usar\" font_container=\"tag:h2|font_size:23|text_align:left\" use_theme_fonts=\"yes\" css=\"\" el_class=\"a6&#8243;][vc_column_text css=\"\" el_class=\"a7&#8243;]Con el manejo f\u00e1cil de usar, usted mantiene el control:<br \/>\u2022 A trav\u00e9s del panel de control o el mando a distancia<br \/>\u2022 Configure f\u00e1cilmente los temporizadores que se adapten a su rutina diaria<br \/>\u2022 Confort a medida, siempre al alcance de la mano[\/vc_column_text][\/vc_column][\/vc_row][vc_row css=\".vc_custom_1747312643722{margin-top: 20px !important;}\"][vc_column width=\"1\/2&#8243;][vc_custom_heading text=\"Confort en cada estaci\u00f3n\" font_container=\"tag:h2|font_size:25|text_align:left\" use_theme_fonts=\"yes\" css=\"\" el_class=\"a8&#8243;][vc_column_text css=\"\" el_class=\"a9&#8243;]Ya haga calor o fr\u00edo, este sistema se adapta sin esfuerzo a sus necesidades:<\/p>\n<p>\u2022 Refrigeraci\u00f3n durante el calor del verano<br \/>\u2022 Calefacci\u00f3n durante los d\u00edas fr\u00edos<br \/>\u2022 Deshumidificaci\u00f3n para un clima interior saludable y agradable<br \/>\u2022 El modo de ventilaci\u00f3n garantiza una circulaci\u00f3n constante del aire y aporta una brisa fresca y suave a la habitaci\u00f3n, para un clima interior agradable y confortable.<\/p>\n<p>&nbsp;[\/vc_column_text][\/vc_column][vc_column width=\"1\/2&#8243;][vc_single_image image=\"5806&#8243; img_size=\"300&#8243; alignment=\"center\" css=\"\"][\/vc_column][\/vc_row][vc_row css=\".vc_custom_1747312659010{margin-top: 20px !important;}\"][vc_column width=\"1\/3&#8243;][vc_custom_heading text=\"\u00bfInstalaci\u00f3n? No es necesario \" font_container=\"tag:h2|font_size:25|text_align:center\" use_theme_fonts=\"yes\" css=\"\" el_class=\"a10&#8243;][vc_column_text css=\"\" el_class=\"a11&#8243;]<\/p>\n<p style=\"text-align: center;\">\u2022 No se requiere instalador ni t\u00e9cnico<\/p>\n<p style=\"text-align: center;\">\u2022 Sin tuber\u00edas, sin riesgo de fugas<\/p>\n<p style=\"text-align: center;\">\u2022 Facilidad de uso Plug-and-Play: simplemente encienda y disfrute<\/p>\n<p>[\/vc_column_text][\/vc_column][vc_column width=\"1\/3&#8243;][vc_custom_heading text=\"\u00bfListo para crecer?\" font_container=\"tag:h2|font_size:25|text_align:center\" use_theme_fonts=\"yes\" css=\"\" el_class=\"a12&#8243;][vc_column_text css=\".vc_custom_1747317397894{margin-top: 30px !important;}\" el_class=\"a13&#8243;]<\/p>\n<p style=\"text-align: center;\">Ofrezca a sus clientes una soluci\u00f3n inteligente para el control clim\u00e1tico moderno.<\/p>\n<p>[\/vc_column_text][vc_btn title=\"\ud83d\udc49 Reg\u00edstrese ahora\" align=\"center\" css=\".vc_custom_1747312709535{margin-top: 30px !important;}\" button_block=\"true\"][\/vc_column][vc_column width=\"1\/3&#8243;][vc_single_image image=\"6413&#8243; img_size=\"200&#8243; alignment=\"center\" css=\"\"][\/vc_column][\/vc_row][vc_row css=\".vc_custom_1747312694426{margin-top: 30px !important;}\"][vc_column][vc_custom_heading text=\"Nuestras \u00faltimas actualizaciones:\" font_container=\"tag:h2|font_size:25|text_align:left\" use_theme_fonts=\"yes\" css=\"\" el_class=\"a20&#8243;][vc_basic_grid post_type=\"post\" max_items=\"3&#8243; item=\"masonryGrid_SlideFromLeft\" css=\"\" grid_id=\"vc_gid:1747316009456-787735e4-4ded-10&#8243;][\/vc_column][\/vc_row]<\/p>\n<\/div>","protected":false},"excerpt":{"rendered":"<p>[vc_row full_width=\"stretch_row\" css=\".vc_custom_1747310042125{background-color: #C2C2C2 !important;}\"][vc_column][vc_custom_heading text=\"\u00bfAire acondicionado sin unidad exterior? Bienvenido al futuro. \" font_container=\"tag:h2|text_align:center\" use_theme_fonts=\"yes\" css=\"\"][vc_column_text css=\".vc_custom_1747313056943{padding-bottom: 30px !important;}\"] Inicio &gt; P\u00e1gina de inicio &gt; \u00bfAire acondicionado sin unidad exterior? Bienvenido al futuro. [\/vc_column_text][\/vc_column][\/vc_row][vc_row][vc_column][vc_column_text css=\"\" el_class=\"a1&#8243;]Descubra el modelo de pared Monobloque de Climate King: un sistema todo en uno, elegante e inteligente, para calentar [&hellip;]<\/p>\n","protected":false},"author":21,"featured_media":0,"parent":0,"menu_order":0,"comment_status":"closed","ping_status":"closed","template":"","meta":{"footnotes":""},"class_list":["post-6412","page","type-page","status-publish","hentry"],"blocksy_meta":[],"_links":{"self":[{"href":"https:\/\/climateking.eu\/es\/wp-json\/wp\/v2\/pages\/6412","targetHints":{"allow":["GET"]}}],"collection":[{"href":"https:\/\/climateking.eu\/es\/wp-json\/wp\/v2\/pages"}],"about":[{"href":"https:\/\/climateking.eu\/es\/wp-json\/wp\/v2\/types\/page"}],"author":[{"embeddable":true,"href":"https:\/\/climateking.eu\/es\/wp-json\/wp\/v2\/users\/21"}],"replies":[{"embeddable":true,"href":"https:\/\/climateking.eu\/es\/wp-json\/wp\/v2\/comments?post=6412"}],"version-history":[{"count":9,"href":"https:\/\/climateking.eu\/es\/wp-json\/wp\/v2\/pages\/6412\/revisions"}],"predecessor-version":[{"id":6434,"href":"https:\/\/climateking.eu\/es\/wp-json\/wp\/v2\/pages\/6412\/revisions\/6434"}],"wp:attachment":[{"href":"https:\/\/climateking.eu\/es\/wp-json\/wp\/v2\/media?parent=6412"}],"curies":[{"name":"wp","href":"https:\/\/api.w.org\/{rel}","templated":true}]}}