{"id":6292,"date":"2024-11-19T20:56:23","date_gmt":"2024-11-19T19:56:23","guid":{"rendered":"https:\/\/climateking.eu\/garantia\/"},"modified":"2026-02-17T10:37:31","modified_gmt":"2026-02-17T09:37:31","slug":"garantia","status":"publish","type":"page","link":"https:\/\/climateking.eu\/es\/garantia\/","title":{"rendered":"Garant\u00eda"},"content":{"rendered":"<div class=\"wpb-content-wrapper\"><p>[vc_row full_width=\"stretch_row\" content_placement=\"middle\" css=\".vc_custom_1771321046316{padding-top: 20px !important;background-image: url(https:\/\/climateking.eu\/wp-content\/uploads\/2024\/12\/Garantie-comp.jpg?id=6293) !important;background-position: center !important;background-repeat: no-repeat !important;background-size: cover !important;}\"][vc_column][vc_raw_html css=\"\"]JTNDaDElMjBjbGFzcyUzRCUyMmJhbm5lci10aXRsZS1nYXJhbnRpYSUyMiUzRUdBUkFOVCVDMyU4REElM0MlMkZoMSUzRSUwRCUwQSUwRCUwQSUzQ3N0eWxlJTNFJTBEJTBBLmJhbm5lci10aXRsZS1nYXJhbnRpYSU3QiUwRCUwQSUyMCUyMGNvbG9yJTNBJTIzZmZmZmZmJTNCJTBEJTBBJTIwJTIwZm9udC1zaXplJTNBNjBweCUzQiUwRCUwQSUyMCUyMGxpbmUtaGVpZ2h0JTNBMSUzQiUwRCUwQSUyMCUyMHRleHQtYWxpZ24lM0FsZWZ0JTNCJTBEJTBBJTIwJTIwZm9udC13ZWlnaHQlM0EzMDAlM0IlMEQlMEElN0QlMEQlMEElMEQlMEElNDBtZWRpYSUyMCUyOG1heC13aWR0aCUzQSUyMDc2OHB4JTI5JTdCJTBEJTBBJTIwJTIwLmJhbm5lci10aXRsZS1nYXJhbnRpYSU3QiUwRCUwQSUyMCUyMCUyMCUyMGZvbnQtc2l6ZSUzQTI1cHglM0IlMEQlMEElMjAlMjAlN0QlMEQlMEElN0QlMEQlMEElM0MlMkZzdHlsZSUzRSUwRCUwQQ==[\/vc_raw_html][vc_empty_space height=\"150px\"][\/vc_column][\/vc_row][vc_row][vc_column][vc_column_text css=\"\"]<\/p>\n<div class=\"wpb_text_column wpb_content_element vc_custom_1732535606046\">\n<div class=\"wpb_wrapper\">\n<h2><strong>CONDICIONES DE LA GARANT\u00cdA CLIMATE KING BV<\/strong><\/h2>\n<h5>Todos los productos de Climate King suministrados en los Pa\u00edses Bajos tienen una garant\u00eda de f\u00e1brica est\u00e1ndar con un plazo de 2 a\u00f1os tras la entrega. Las unidades de buhardilla\/techo plano tienen una garant\u00eda de f\u00e1brica de 3 a\u00f1os. Para todos los sistemas de aire acondicionado split de Climate King, se aplica una garant\u00eda de f\u00e1brica de hasta 5 a\u00f1os*. Dentro de este per\u00edodo, las piezas defectuosas se cambiar\u00e1n y estas piezas de repuesto no le costar\u00e1n nada, siempre que se cumplan las siguientes condiciones de garant\u00eda.<\/h5>\n<h5>La sustituci\u00f3n de las piezas debe ser realizada por un instalador especializado.<\/h5>\n<h5>En consulta, tambi\u00e9n podemos recoger un aparato para su reparaci\u00f3n; los gastos de recogida\/devoluci\u00f3n correr\u00e1n a cargo del comprador. Tambi\u00e9n puede traer el aparato para su reparaci\u00f3n previa consulta; no puede esperar aqu\u00ed y debe volver otro d\u00eda para recogerlo.<\/h5>\n<\/div>\n<\/div>\n<p>[\/vc_column_text][vc_column_text css=\"\"]<\/p>\n<div class=\"wpb_text_column wpb_content_element vc_custom_1732535606046\">\n<div class=\"wpb_wrapper\">\n<h3>Condiciones<\/h3>\n<\/div>\n<\/div>\n<div class=\"vc_row wpb_row vc_inner vc_row-fluid\">\n<div class=\"wpb_column vc_column_container vc_col-sm-11\">\n<div class=\"vc_column-inner\">\n<div class=\"wpb_wrapper\">\n<div class=\"wpb_text_column wpb_content_element\">\n<div class=\"wpb_wrapper\">\n<ul>\n<li>A petici\u00f3n de Climate King, deber\u00e1 presentarse por escrito la factura de compra de toda la instalaci\u00f3n y los n\u00fameros de serie de las unidades correspondientes.<\/li>\n<li>El equipo se ha instalado seg\u00fan las instrucciones de Climate King.<\/li>\n<li>Deber\u00e1 indicarse un posible c\u00f3digo de error y la naturaleza del fallo.<\/li>\n<\/ul>\n<\/div>\n<\/div>\n<\/div>\n<\/div>\n<\/div>\n<\/div>\n<p>[\/vc_column_text][vc_column_text css=\"\"]<\/p>\n<div class=\"wpb_text_column wpb_content_element vc_custom_1732535606046\">\n<div class=\"wpb_wrapper\"><\/div>\n<\/div>\n<div class=\"vc_row wpb_row vc_inner vc_row-fluid\">\n<div class=\"wpb_column vc_column_container vc_col-sm-11\">\n<div class=\"vc_column-inner\">\n<div class=\"wpb_wrapper\">\n<div class=\"wpb_text_column wpb_content_element\">\n<div class=\"wpb_wrapper\">\n<h3>Exclusiones<\/h3>\n<\/div>\n<\/div>\n<div class=\"wpb_text_column wpb_content_element\">\n<div class=\"wpb_wrapper\">\n<ul>\n<li>No se aplicar\u00e1 la garant\u00eda si el defecto ha sido causado por circunstancias externas, como condiciones meteorol\u00f3gicas, vandalismo o sobretensi\u00f3n\/subtensi\u00f3n.<\/li>\n<li>El defecto ha sido causado por falta de mantenimiento, suciedad grave, colocaci\u00f3n en un entorno agresivo o por una instalaci\u00f3n incorrecta.<\/li>\n<li>La capacidad del aire acondicionado es demasiado baja para el uso (unidades split).<\/li>\n<li>La placa de caracter\u00edsticas se ha retirado o es ilegible.<\/li>\n<li>No hay placa de identificaci\u00f3n en la unidad exterior (unidades split).<\/li>\n<li>Los costes de mano de obra y otros costes (externos) y defectos que sean consecuencia del fallo del equipo de Climate King no est\u00e1n cubiertos por estas condiciones de garant\u00eda.<\/li>\n<\/ul>\n<\/div>\n<\/div>\n<\/div>\n<\/div>\n<\/div>\n<\/div>\n<div class=\"vc_separator wpb_content_element vc_separator_align_center vc_sep_width_100 vc_sep_border_width_10 vc_sep_pos_align_center vc_separator_no_text vc_sep_color_white wpb_content_element wpb_content_element\"><\/div>\n<p>[\/vc_column_text][vc_column_text css=\"\"]<\/p>\n<div class=\"wpb_text_column wpb_content_element vc_custom_1732535606046\"><\/div>\n<div class=\"vc_row wpb_row vc_inner vc_row-fluid\">\n<div class=\"wpb_column vc_column_container vc_col-sm-11\">\n<div class=\"vc_column-inner\">\n<div class=\"wpb_wrapper\">\n<div class=\"wpb_text_column wpb_content_element\">\n<div class=\"wpb_wrapper\">\n<h3>Tipos de garant\u00eda:<\/h3>\n<\/div>\n<\/div>\n<\/div>\n<\/div>\n<\/div>\n<\/div>\n<div class=\"vc_row wpb_row vc_inner vc_row-fluid\">\n<div class=\"wpb_column vc_column_container vc_col-sm-11\">\n<div class=\"vc_column-inner\">\n<div class=\"wpb_wrapper\">\n<div class=\"wpb_text_column wpb_content_element\">\n<div class=\"wpb_wrapper\">\n<p>Para cada producto se aplican diferentes periodos de garant\u00eda y condiciones. Todos nuestros sistemas de aire acondicionado split de Climate King tienen una garant\u00eda de f\u00e1brica est\u00e1ndar de 5 a\u00f1os* y nuestros otros sistemas de aire acondicionado tienen una garant\u00eda est\u00e1ndar de dos a\u00f1os. <strong>Todas las garant\u00edas est\u00e1n cubiertas por la garant\u00eda Carry Inn de forma est\u00e1ndar<\/strong>. Si tiene alguna pregunta sobre las condiciones y\/o los procedimientos de la garant\u00eda, p\u00f3ngase en contacto con nosotros a trav\u00e9s de: <a href=\"mailto:webshop@climateking.eu\">webshop@climateking.eu<\/a>.<\/p>\n<ul>\n<li><strong>Garant\u00eda de f\u00e1brica:<\/strong> Garant\u00eda de f\u00e1brica significa que tiene garant\u00eda sobre las piezas de su compra. En caso de defecto, recibir\u00e1 una pieza nueva de forma gratuita; la pieza antigua siempre debe ser devuelta. La reparaci\u00f3n, el env\u00edo<br \/>\ny\/o el intercambio de piezas no est\u00e1n cubiertos por la garant\u00eda.<\/li>\n<li><strong>Garant\u00eda Carry Inn:<\/strong> Los sistemas no se reparan en el domicilio del cliente. La garant\u00eda Carry Inn<br \/>\ntambi\u00e9n significa que el producto debe ser devuelto a nosotros si necesita ser reparado o reemplazado.<\/li>\n<\/ul>\n<\/div>\n<\/div>\n<\/div>\n<\/div>\n<\/div>\n<\/div>\n<div class=\"vc_separator wpb_content_element vc_separator_align_center vc_sep_width_100 vc_sep_border_width_10 vc_sep_pos_align_center vc_separator_no_text vc_sep_color_white wpb_content_element wpb_content_element\"><\/div>\n<p>[\/vc_column_text][vc_column_text css=\"\"]<\/p>\n<h3>Cinco a\u00f1os de garant\u00eda en unidades Split:<\/h3>\n<p>Todas las unidades split tienen una garant\u00eda de f\u00e1brica est\u00e1ndar de 2 a\u00f1os y una garant\u00eda de f\u00e1brica m\u00e1xima de 5 a\u00f1os si se cumplen las siguientes condiciones:<\/p>\n<ul>\n<li>El sistema debe ser mantenido anualmente por un instalador certificado BRL-100<\/li>\n<li>El sistema debe ser inspeccionado anualmente por un instalador certificado BRL-100<\/li>\n<li>Todos los trabajos deben estar documentados<\/li>\n<li>La factura de compra debe poder mostrarse a petici\u00f3n<\/li>\n<li>El informe de puesta en marcha debe poder mostrarse a petici\u00f3n<\/li>\n<\/ul>\n<p>[\/vc_column_text][vc_column_text css=\"\"]<\/p>\n<h3>Tres a\u00f1os de garant\u00eda en unidades de techo plano\/buhardilla:<\/h3>\n<p>Todas las unidades de techo plano\/buhardilla tienen una garant\u00eda de f\u00e1brica est\u00e1ndar de 3 a\u00f1os si se cumplen las siguientes condiciones:<\/p>\n<ul>\n<li>El sistema debe haber sido instalado por un socio de Climate King<\/li>\n<li>Todos los trabajos en el sistema de aire acondicionado deben estar documentados<\/li>\n<li>La factura de compra del aire acondicionado debe poder mostrarse a petici\u00f3n<\/li>\n<li>Una solicitud de garant\u00eda siempre es presentada por el socio de Climate King que compr\u00f3 el aire acondicionado<\/li>\n<\/ul>\n<p>[\/vc_column_text][\/vc_column][\/vc_row]<\/p>\n<\/div>","protected":false},"excerpt":{"rendered":"<p>[vc_row full_width=\"stretch_row\" content_placement=\"middle\" css=\".vc_custom_1771321046316{padding-top: 20px !important;background-image: url(https:\/\/climateking.eu\/wp-content\/uploads\/2024\/12\/Garantie-comp.jpg?id=6293) !important;background-position: center !important;background-repeat: no-repeat !important;background-size: cover !important;}\"][vc_column][vc_raw_html css=\"\"]JTNDaDElMjBjbGFzcyUzRCUyMmJhbm5lci10aXRsZS1nYXJhbnRpYSUyMiUzRUdBUkFOVCVDMyU4REElM0MlMkZoMSUzRSUwRCUwQSUwRCUwQSUzQ3N0eWxlJTNFJTBEJTBBLmJhbm5lci10aXRsZS1nYXJhbnRpYSU3QiUwRCUwQSUyMCUyMGNvbG9yJTNBJTIzZmZmZmZmJTNCJTBEJTBBJTIwJTIwZm9udC1zaXplJTNBNjBweCUzQiUwRCUwQSUyMCUyMGxpbmUtaGVpZ2h0JTNBMSUzQiUwRCUwQSUyMCUyMHRleHQtYWxpZ24lM0FsZWZ0JTNCJTBEJTBBJTIwJTIwZm9udC13ZWlnaHQlM0EzMDAlM0IlMEQlMEElN0QlMEQlMEElMEQlMEElNDBtZWRpYSUyMCUyOG1heC13aWR0aCUzQSUyMDc2OHB4JTI5JTdCJTBEJTBBJTIwJTIwLmJhbm5lci10aXRsZS1nYXJhbnRpYSU3QiUwRCUwQSUyMCUyMCUyMCUyMGZvbnQtc2l6ZSUzQTI1cHglM0IlMEQlMEElMjAlMjAlN0QlMEQlMEElN0QlMEQlMEElM0MlMkZzdHlsZSUzRSUwRCUwQQ==[\/vc_raw_html][vc_empty_space height=\"150px\"][\/vc_column][\/vc_row][vc_row][vc_column][vc_column_text css=\"\"] CONDICIONES DE LA GARANT\u00cdA CLIMATE KING BV Todos los productos de Climate King suministrados en los Pa\u00edses Bajos tienen una garant\u00eda de f\u00e1brica est\u00e1ndar con un plazo de 2 a\u00f1os tras la entrega. Las unidades de buhardilla\/techo plano [&hellip;]<\/p>\n","protected":false},"author":1,"featured_media":0,"parent":0,"menu_order":0,"comment_status":"closed","ping_status":"closed","template":"","meta":{"footnotes":""},"class_list":["post-6292","page","type-page","status-publish","hentry"],"blocksy_meta":[],"_links":{"self":[{"href":"https:\/\/climateking.eu\/es\/wp-json\/wp\/v2\/pages\/6292","targetHints":{"allow":["GET"]}}],"collection":[{"href":"https:\/\/climateking.eu\/es\/wp-json\/wp\/v2\/pages"}],"about":[{"href":"https:\/\/climateking.eu\/es\/wp-json\/wp\/v2\/types\/page"}],"author":[{"embeddable":true,"href":"https:\/\/climateking.eu\/es\/wp-json\/wp\/v2\/users\/1"}],"replies":[{"embeddable":true,"href":"https:\/\/climateking.eu\/es\/wp-json\/wp\/v2\/comments?post=6292"}],"version-history":[{"count":5,"href":"https:\/\/climateking.eu\/es\/wp-json\/wp\/v2\/pages\/6292\/revisions"}],"predecessor-version":[{"id":9107,"href":"https:\/\/climateking.eu\/es\/wp-json\/wp\/v2\/pages\/6292\/revisions\/9107"}],"wp:attachment":[{"href":"https:\/\/climateking.eu\/es\/wp-json\/wp\/v2\/media?parent=6292"}],"curies":[{"name":"wp","href":"https:\/\/api.w.org\/{rel}","templated":true}]}}