{"id":6270,"date":"2022-10-25T11:35:07","date_gmt":"2022-10-25T09:35:07","guid":{"rendered":"https:\/\/climateking.eu\/sobre-nosotros\/"},"modified":"2026-02-17T10:25:45","modified_gmt":"2026-02-17T09:25:45","slug":"sobre-nosotros","status":"publish","type":"page","link":"https:\/\/climateking.eu\/es\/sobre-nosotros\/","title":{"rendered":"Sobre nosotros"},"content":{"rendered":"<div class=\"wpb-content-wrapper\"><p>[vc_row full_width=\"stretch_row\" content_placement=\"middle\" css=\".vc_custom_1771320339344{padding-top: 20px !important;background-image: url(https:\/\/climateking.eu\/wp-content\/uploads\/2024\/11\/Over-ons-comp.jpg?id=6271) !important;background-position: center !important;background-repeat: no-repeat !important;background-size: cover !important;}\"][vc_column][vc_raw_html css=\"\"]JTNDaDElMjBjbGFzcyUzRCUyMmJhbm5lci10aXRsZS1zb2JyZS1ub3NvdHJvcyUyMiUzRVNPQlJFJTIwTk9TT1RST1MlM0MlMkZoMSUzRSUwRCUwQSUwRCUwQSUzQ3N0eWxlJTNFJTBEJTBBLmJhbm5lci10aXRsZS1zb2JyZS1ub3NvdHJvcyU3QiUwRCUwQSUyMCUyMGNvbG9yJTNBJTIzZmZmZmZmJTNCJTBEJTBBJTIwJTIwZm9udC1zaXplJTNBNjBweCUzQiUwRCUwQSUyMCUyMGxpbmUtaGVpZ2h0JTNBMSUzQiUwRCUwQSUyMCUyMHRleHQtYWxpZ24lM0FsZWZ0JTNCJTBEJTBBJTIwJTIwZm9udC13ZWlnaHQlM0EzMDAlM0IlMEQlMEElN0QlMEQlMEElMEQlMEElNDBtZWRpYSUyMCUyOG1heC13aWR0aCUzQSUyMDc2OHB4JTI5JTdCJTBEJTBBJTIwJTIwLmJhbm5lci10aXRsZS1zb2JyZS1ub3NvdHJvcyU3QiUwRCUwQSUyMCUyMCUyMCUyMGZvbnQtc2l6ZSUzQTI1cHglM0IlMEQlMEElMjAlMjAlN0QlMEQlMEElN0QlMEQlMEElM0MlMkZzdHlsZSUzRSUwRCUwQQ==[\/vc_raw_html][vc_empty_space height=\"150px\"][\/vc_column][\/vc_row][vc_row][vc_column offset=\"vc_hidden-sm vc_hidden-xs\"][vc_column_text css=\"\"]<\/p>\n<div class=\"flex-shrink-0 flex flex-col relative items-end\">\n<div>\n<div class=\"pt-0\">\n<div class=\"gizmo-bot-avatar flex h-8 w-8 items-center justify-center overflow-hidden rounded-full\">\n<h2>Introducci\u00f3n<\/h2>\n<p>En Climate King, creemos que <strong>una excelente climatizaci\u00f3n<\/strong> proviene de tener una visi\u00f3n clara del mercado actual. Desde 2018, nos hemos especializado en desarrollar y ofrecer soluciones de climatizaci\u00f3n que responden a la demanda del mercado. Donde otros sistemas de aire acondicionado fallan, nosotros proporcionamos las soluciones de climatizaci\u00f3n que van m\u00e1s all\u00e1. Gracias a esto, Climate King se ha convertido en un proveedor neerland\u00e9s l\u00edder e importante de diversos <strong>sistemas de aire acondicionado innovadores<\/strong> para instaladores y socios.<\/p>\n<h2 class=\"relative p-1 rounded-sm flex items-center justify-center bg-token-main-surface-primary text-token-text-primary h-8 w-8\">Nacidos de una visi\u00f3n<\/h2>\n<\/div>\n<\/div>\n<\/div>\n<\/div>\n<div class=\"group\/conversation-turn relative flex w-full min-w-0 flex-col agent-turn\">\n<div class=\"flex-col gap-1 md:gap-3\">\n<div class=\"flex max-w-full flex-col flex-grow\">\n<div class=\"min-h-8 text-message flex w-full flex-col items-end gap-2 whitespace-normal break-words [.text-message+&amp;]:mt-5\" dir=\"auto\" data-message-author-role=\"assistant\" data-message-id=\"5d76fe65-c9f8-4759-a673-7ae034ba90a2\" data-message-model-slug=\"gpt-4o\">\n<div class=\"flex w-full flex-col gap-1 empty:hidden first:pt-[3px]\">\n<div class=\"markdown prose w-full break-words dark:prose-invert light\">\n<p>Climate King naci\u00f3 del pensamiento de resoluci\u00f3n de problemas y esto sigue siendo fundamental para nosotros hasta el d\u00eda de hoy. Donde los sistemas tradicionales a menudo se quedan cortos o no son aplicables, Climate King ofrece soluciones de aire acondicionado que satisfacen esta demanda. Nuestro enfoque progresista nos permite ofrecer soluciones para una amplia gama de edificios, desde viviendas y oficinas hasta espacios industriales y comerciales. Tenemos en cuenta requisitos espec\u00edficos, como espacio limitado, regulaciones estrictas o consideraciones est\u00e9ticas, y ofrecemos sistemas que son flexibles, sostenibles y fiables.<\/p>\n<p>Un buen ejemplo son los <a href=\"https:\/\/climateking.eu\/es\/informacion-sobre-el-aire-acondicionado-monobloque-tipo-ii-para-techo-plano\/\"><strong>aires acondicionados para tejados planos<\/strong><\/a>, desarrollados en estrecha colaboraci\u00f3n con <strong><a href=\"http:\/\/www.besteleendakkapel.nl\" target=\"_blank\" rel=\"noopener\">Besteleendakkapel.nl<\/a><\/strong> de Enter. Los aires acondicionados split tradicionales a menudo son no deseados o dif\u00edciles de aplicar en buhardillas. Por lo tanto, hemos trabajado arduamente para desarrollar el <a href=\"https:\/\/climateking.eu\/es\/informacion-sobre-el-aire-acondicionado-monobloque-tipo-ii-para-techo-plano\/\"><strong>Aire Acondicionado para Tejado Plano<\/strong><\/a> que estar\u00eda estrictamente destinado a casi cualquier espacio con un tejado plano. El resultado final es un aire acondicionado discreto con funciones y rendimiento sorprendentes. Adem\u00e1s de todo esto, este aire acondicionado es f\u00e1cil de instalar y, por lo tanto, podemos satisfacer una necesidad real en el mercado.<\/p>\n<p>Donde no es posible un aire acondicionado split en la pared, porque los requisitos ambientales no permiten una unidad exterior o cuando simplemente no se desea, tenemos el <a href=\"https:\/\/climateking.eu\/es\/modelo-de-pared-monobloque\/\"><strong>modelo de pared monobloque<\/strong><\/a>. Un sistema de aire acondicionado sin unidad exterior, otra soluci\u00f3n maravillosa que responde a un mercado donde muchas otras partes no responden a la demanda.<\/p>\n<h2>Alta calidad y bajo precio<\/h2>\n<p>Ahora que los precios de las marcas m\u00e1s conocidas de aire acondicionado siguen subiendo constantemente, queremos suministrar unidades split de calidad decente que no pesen demasiado en el bolsillo. Creemos que los buenos sistemas de aire acondicionado no tienen por qu\u00e9 ser caros; nuestros sistemas est\u00e1n dise\u00f1ados para durar mucho tiempo, funcionar bien y cumplir con los requisitos modernos sin altos costes.<\/p>\n<h2>5 a\u00f1os de garant\u00eda<\/h2>\n<p>Climate King valora mucho la confianza y, por supuesto, est\u00e1 convencido de sus propias soluciones de calidad. Por lo tanto, ofrecemos hasta 5 a\u00f1os de garant\u00eda de f\u00e1brica en las piezas de nuestros sistemas de aire acondicionado.<\/p>\n<p>En Climate King, no nos detenemos en la garant\u00eda. Ofrecemos un amplio soporte desde la instalaci\u00f3n hasta la gesti\u00f3n de un socio para el mantenimiento de su sistema. Al realizar un mantenimiento regular, no solo puede prolongar la vida \u00fatil de su aire acondicionado, sino tambi\u00e9n mantener la garant\u00eda de f\u00e1brica. Junto con usted, nos aseguramos de que su sistema siga funcionando de manera \u00f3ptima, a\u00f1o tras a\u00f1o.<\/p>\n<\/div>\n<\/div>\n<\/div>\n<\/div>\n<\/div>\n<\/div>\n<p>[\/vc_column_text][\/vc_column][\/vc_row][vc_row][vc_column offset=\"vc_hidden-lg vc_hidden-md\"][vc_column_text css=\"\"]<\/p>\n<div class=\"flex-shrink-0 flex flex-col relative items-end\">\n<div class=\"pt-0\">\n<div class=\"gizmo-bot-avatar flex h-8 w-8 items-center justify-center overflow-hidden rounded-full\">\n<div class=\"flex-shrink-0 flex flex-col relative items-end\">\n<div>\n<div class=\"pt-0\">\n<div class=\"gizmo-bot-avatar flex h-8 w-8 items-center justify-center overflow-hidden rounded-full\">\n<h2 style=\"text-align: center;\">Introducci\u00f3n<\/h2>\n<p style=\"text-align: center;\">En Climate King, creemos que <strong>una excelente climatizaci\u00f3n<\/strong> proviene de tener una visi\u00f3n clara del mercado actual. Desde 2018, nos hemos especializado en desarrollar y ofrecer soluciones de climatizaci\u00f3n que responden a la demanda del mercado. Donde otros sistemas de aire acondicionado fallan, nosotros proporcionamos las soluciones de climatizaci\u00f3n que van m\u00e1s all\u00e1. Gracias a esto, Climate King se ha convertido en un proveedor neerland\u00e9s l\u00edder e importante de diversos <strong>sistemas de aire acondicionado innovadores<\/strong> para instaladores y socios.<\/p>\n<h2 class=\"relative p-1 rounded-sm flex items-center justify-center bg-token-main-surface-primary text-token-text-primary h-8 w-8\" style=\"text-align: center;\">Nacidos de una visi\u00f3n<\/h2>\n<\/div>\n<\/div>\n<\/div>\n<\/div>\n<div class=\"group\/conversation-turn relative flex w-full min-w-0 flex-col agent-turn\">\n<div class=\"flex-col gap-1 md:gap-3\">\n<div class=\"flex max-w-full flex-col flex-grow\">\n<div class=\"min-h-8 text-message flex w-full flex-col items-end gap-2 whitespace-normal break-words [.text-message+&amp;]:mt-5\" dir=\"auto\" data-message-author-role=\"assistant\" data-message-id=\"5d76fe65-c9f8-4759-a673-7ae034ba90a2\" data-message-model-slug=\"gpt-4o\">\n<div class=\"flex w-full flex-col gap-1 empty:hidden first:pt-[3px]\">\n<div class=\"markdown prose w-full break-words dark:prose-invert light\">\n<p style=\"text-align: center;\">Climate King naci\u00f3 del pensamiento de resoluci\u00f3n de problemas y esto sigue siendo fundamental para nosotros hasta el d\u00eda de hoy. Donde los sistemas tradicionales a menudo se quedan cortos o no son aplicables, Climate King ofrece soluciones de aire acondicionado que satisfacen esta demanda. Nuestro enfoque progresista nos permite ofrecer soluciones para una amplia gama de edificios, desde viviendas y oficinas hasta espacios industriales y comerciales. Tenemos en cuenta requisitos espec\u00edficos, como espacio limitado, regulaciones estrictas o consideraciones est\u00e9ticas, y ofrecemos sistemas que son flexibles, sostenibles y fiables.<\/p>\n<p style=\"text-align: center;\">Un buen ejemplo son los <a href=\"https:\/\/climateking.eu\/plat-dak-monoblock\/\"><strong>aires acondicionados para tejados planos<\/strong><\/a>, desarrollados en estrecha colaboraci\u00f3n con <strong><a href=\"http:\/\/www.besteleendakkapel.nl\" target=\"_blank\" rel=\"noopener\">Besteleendakkapel.nl<\/a><\/strong> de Enter. Los aires acondicionados split tradicionales a menudo son no deseados o dif\u00edciles de aplicar en buhardillas. Por lo tanto, hemos trabajado arduamente para desarrollar el <a href=\"https:\/\/climateking.eu\/plat-dak-monoblock\/\"><strong>Aire Acondicionado para Tejado Plano<\/strong><\/a> que estar\u00eda estrictamente destinado a casi cualquier espacio con un tejado plano. El resultado final es un aire acondicionado discreto con funciones y rendimiento sorprendentes. Adem\u00e1s de todo esto, este aire acondicionado es f\u00e1cil de instalar y, por lo tanto, podemos satisfacer una necesidad real en el mercado.<\/p>\n<p style=\"text-align: center;\">Donde no es posible un aire acondicionado split en la pared, porque los requisitos ambientales no permiten una unidad exterior o cuando simplemente no se desea, tenemos el <a href=\"https:\/\/climateking.eu\/monoblock-wandmodel\/\"><strong>modelo de pared monobloque<\/strong><\/a>. Un sistema de aire acondicionado sin unidad exterior, otra soluci\u00f3n maravillosa que responde a un mercado donde muchas otras partes no responden a la demanda.<\/p>\n<h2 style=\"text-align: center;\">Alta calidad y bajo precio<\/h2>\n<p style=\"text-align: center;\">Ahora que los precios de las marcas m\u00e1s conocidas de aire acondicionado siguen subiendo constantemente, queremos suministrar unidades split de calidad decente que no pesen demasiado en el bolsillo. Creemos que los buenos sistemas de aire acondicionado no tienen por qu\u00e9 ser caros; nuestros sistemas est\u00e1n dise\u00f1ados para durar mucho tiempo, funcionar bien y cumplir con los requisitos modernos sin altos costes.<\/p>\n<h2 style=\"text-align: center;\">5 a\u00f1os de garant\u00eda<\/h2>\n<p style=\"text-align: center;\">Climate King valora mucho la confianza y, por supuesto, est\u00e1 convencido de sus propias soluciones de calidad. Por lo tanto, ofrecemos hasta 5 a\u00f1os de garant\u00eda de f\u00e1brica en las piezas de nuestros sistemas de aire acondicionado.<\/p>\n<p style=\"text-align: center;\">En Climate King, no nos detenemos en la garant\u00eda. Ofrecemos un amplio soporte desde la instalaci\u00f3n hasta la gesti\u00f3n de un socio para el mantenimiento de su sistema. Al realizar un mantenimiento regular, no solo puede prolongar la vida \u00fatil de su aire acondicionado, sino tambi\u00e9n mantener la garant\u00eda de f\u00e1brica. Junto con usted, nos aseguramos de que su sistema siga funcionando de manera \u00f3ptima, a\u00f1o tras a\u00f1o.<\/p>\n<\/div>\n<\/div>\n<\/div>\n<\/div>\n<\/div>\n<\/div>\n<\/div>\n<\/div>\n<\/div>\n<p>[\/vc_column_text][\/vc_column][\/vc_row]<\/p>\n<\/div>","protected":false},"excerpt":{"rendered":"<p>[vc_row full_width=\"stretch_row\" content_placement=\"middle\" css=\".vc_custom_1771320339344{padding-top: 20px !important;background-image: url(https:\/\/climateking.eu\/wp-content\/uploads\/2024\/11\/Over-ons-comp.jpg?id=6271) !important;background-position: center !important;background-repeat: no-repeat !important;background-size: cover !important;}\"][vc_column][vc_raw_html css=\"\"]JTNDaDElMjBjbGFzcyUzRCUyMmJhbm5lci10aXRsZS1zb2JyZS1ub3NvdHJvcyUyMiUzRVNPQlJFJTIwTk9TT1RST1MlM0MlMkZoMSUzRSUwRCUwQSUwRCUwQSUzQ3N0eWxlJTNFJTBEJTBBLmJhbm5lci10aXRsZS1zb2JyZS1ub3NvdHJvcyU3QiUwRCUwQSUyMCUyMGNvbG9yJTNBJTIzZmZmZmZmJTNCJTBEJTBBJTIwJTIwZm9udC1zaXplJTNBNjBweCUzQiUwRCUwQSUyMCUyMGxpbmUtaGVpZ2h0JTNBMSUzQiUwRCUwQSUyMCUyMHRleHQtYWxpZ24lM0FsZWZ0JTNCJTBEJTBBJTIwJTIwZm9udC13ZWlnaHQlM0EzMDAlM0IlMEQlMEElN0QlMEQlMEElMEQlMEElNDBtZWRpYSUyMCUyOG1heC13aWR0aCUzQSUyMDc2OHB4JTI5JTdCJTBEJTBBJTIwJTIwLmJhbm5lci10aXRsZS1zb2JyZS1ub3NvdHJvcyU3QiUwRCUwQSUyMCUyMCUyMCUyMGZvbnQtc2l6ZSUzQTI1cHglM0IlMEQlMEElMjAlMjAlN0QlMEQlMEElN0QlMEQlMEElM0MlMkZzdHlsZSUzRSUwRCUwQQ==[\/vc_raw_html][vc_empty_space height=\"150px\"][\/vc_column][\/vc_row][vc_row][vc_column offset=\"vc_hidden-sm vc_hidden-xs\"][vc_column_text css=\"\"] Introducci\u00f3n En Climate King, creemos que una excelente climatizaci\u00f3n proviene de tener una visi\u00f3n clara del mercado actual. Desde 2018, nos hemos especializado en desarrollar y ofrecer soluciones de climatizaci\u00f3n que responden a la demanda del [&hellip;]<\/p>\n","protected":false},"author":1,"featured_media":0,"parent":0,"menu_order":0,"comment_status":"closed","ping_status":"closed","template":"","meta":{"footnotes":""},"class_list":["post-6270","page","type-page","status-publish","hentry"],"blocksy_meta":{"page_title_panel":"","has_hero_section":"disabled","f700678cfac4c19edaeae7a73ab1ab15":"","hero_section":"type-1","hero_elements":[{"id":"custom_title","enabled":true,"heading_tag":"h1","title":"Home"},{"id":"custom_description","enabled":true,"description_visibility":{"desktop":true,"tablet":true,"mobile":false}},{"id":"custom_meta","enabled":false,"meta_elements":[{"id":"author","enabled":true,"label":"By","has_author_avatar":"yes","avatar_size":25},{"id":"post_date","enabled":true,"label":"On","date_format_source":"default","date_format":"M j, Y"},{"id":"updated_date","enabled":false,"label":"On","date_format_source":"default","date_format":"M j, Y"},{"id":"categories","enabled":false,"label":"In","style":"simple"},{"id":"comments","enabled":true}],"page_meta_elements":{"joined":true,"articles_count":true,"comments":true}},{"id":"breadcrumbs","enabled":false}],"26ad57cea77fed65c89549070f86b5f9":"","hero_alignment1":"CT_CSS_SKIP_RULE","hero_margin":40,"hero_alignment2":"center","hero_vertical_alignment":"center","e884ab5584203220a36ece5722afc66d":"","hero_structure":"narrow","b77825b265ab11935728c1e208847986":"","page_title_bg_type":"featured_image","custom_hero_background":{"attachment_id":null},"page_title_image_size":"full","parallax":{"desktop":false,"tablet":false,"mobile":false},"ad8c06f5d63fd6a5a093456271a25a89":"","hero_height":"250px","pageTitleFont":{"family":"Default","variation":"Default","size":"30px","line-height":"CT_CSS_SKIP_RULE","letter-spacing":"CT_CSS_SKIP_RULE","text-transform":"CT_CSS_SKIP_RULE","text-decoration":"CT_CSS_SKIP_RULE"},"pageTitleFontColor":{"default":{"color":"CT_CSS_SKIP_RULEDEFAULT"}},"pageMetaFont":{"family":"Default","variation":"n6","size":"12px","line-height":"1.3","letter-spacing":"CT_CSS_SKIP_RULE","text-transform":"uppercase","text-decoration":"CT_CSS_SKIP_RULE"},"pageMetaFontColor":{"default":{"color":"CT_CSS_SKIP_RULEDEFAULT"},"hover":{"color":"CT_CSS_SKIP_RULEDEFAULT"}},"page_meta_button_type_font_colors":{"default":{"color":"CT_CSS_SKIP_RULEDEFAULT"},"hover":{"color":"CT_CSS_SKIP_RULEDEFAULT"}},"page_meta_button_type_background_colors":{"default":{"color":"CT_CSS_SKIP_RULEDEFAULT"},"hover":{"color":"CT_CSS_SKIP_RULEDEFAULT"}},"pageExcerptFont":{"family":"Default","variation":"Default","size":"CT_CSS_SKIP_RULE","line-height":"CT_CSS_SKIP_RULE","letter-spacing":"CT_CSS_SKIP_RULE","text-transform":"CT_CSS_SKIP_RULE","text-decoration":"CT_CSS_SKIP_RULE"},"pageExcerptColor":{"default":{"color":"CT_CSS_SKIP_RULEDEFAULT"}},"breadcrumbsFont":{"family":"Default","variation":"Default","size":"CT_CSS_SKIP_RULE","line-height":"CT_CSS_SKIP_RULE","letter-spacing":"CT_CSS_SKIP_RULE","text-transform":"CT_CSS_SKIP_RULE","text-decoration":"CT_CSS_SKIP_RULE"},"breadcrumbsFontColor":{"default":{"color":"CT_CSS_SKIP_RULEDEFAULT"},"initial":{"color":"CT_CSS_SKIP_RULEDEFAULT"},"hover":{"color":"CT_CSS_SKIP_RULEDEFAULT"}},"pageTitleOverlay":{"background_type":"color","background_pattern":"type-1","background_image":{"attachment_id":null,"x":0,"y":0},"gradient":"linear-gradient(135deg,rgba(6,147,227,1) 0%,rgb(155,81,224) 100%)","background_repeat":"repeat","background_size":"auto","background_attachment":"scroll","patternColor":{"default":{"color":"#e5e7ea"}},"overlayColor":{"default":{"color":"CT_CSS_SKIP_RULE"}},"backgroundColor":{"default":{"color":"CT_CSS_SKIP_RULE"}}},"pageTitleBackground":{"background_type":"color","background_pattern":"type-1","background_image":{"attachment_id":null,"x":0,"y":0},"gradient":"linear-gradient(135deg,rgba(6,147,227,1) 0%,rgb(155,81,224) 100%)","background_repeat":"repeat","background_size":"auto","background_attachment":"scroll","patternColor":{"default":{"color":"#e5e7ea"}},"overlayColor":{"default":{"color":"CT_CSS_SKIP_RULE"}},"backgroundColor":{"default":{"color":"var(--theme-palette-color-6)"}}},"pageTitlePadding":{"top":"50px","bottom":"50px","left":"auto","right":"auto","linked":true},"db7414a638ad699df1e364534332d70f":"","page_structure_type":"default","78ff6ba727e7b36633ff4fd21cc765ee":"","content_style_source":"inherit","content_style":"wide","vertical_spacing_source":"custom","content_area_spacing":"none","background":{"background_type":"color","background_pattern":"type-1","background_image":{"attachment_id":null,"x":0,"y":0},"gradient":"linear-gradient(135deg,rgba(6,147,227,1) 0%,rgb(155,81,224) 100%)","background_repeat":"repeat","background_size":"auto","background_attachment":"scroll","patternColor":{"default":{"color":"#e5e7ea"}},"overlayColor":{"default":{"color":"CT_CSS_SKIP_RULE"}},"backgroundColor":{"default":{"color":"CT_CSS_SKIP_RULE"}}},"content_background":{"background_type":"color","background_pattern":"type-1","background_image":{"attachment_id":null,"x":0,"y":0},"gradient":"linear-gradient(135deg,rgba(6,147,227,1) 0%,rgb(155,81,224) 100%)","background_repeat":"repeat","background_size":"auto","background_attachment":"scroll","patternColor":{"default":{"color":"#e5e7ea"}},"overlayColor":{"default":{"color":"CT_CSS_SKIP_RULE"}},"backgroundColor":{"default":{"color":"var(--theme-palette-color-8)"}}},"content_boxed_shadow":{"inherit":false,"blur":18,"spread":-6,"v_offset":12,"h_offset":0,"inset":false,"enable":true,"color":{"color":"rgba(34, 56, 101, 0.04)"}},"content_boxed_border":{"width":1,"style":"none","color":{"color":"rgba(44,62,80,0.2)"}},"content_boxed_radius":{"top":"3px","bottom":"3px","left":"3px","right":"3px","linked":true},"boxed_content_spacing":{"desktop":{"top":"40px","bottom":"40px","left":"40px","right":"40px","linked":true},"tablet":{"top":"35px","bottom":"35px","left":"35px","right":"35px","linked":true},"mobile":{"top":"20px","bottom":"20px","left":"20px","right":"20px","linked":true}},"16709d3cc6c757fcdc91fea65663a894":"","disable_featured_image":"no","disable_share_box":"no","disable_header":"no","disable_footer":"no","styles_descriptor":{"styles":{"desktop":"","tablet":"","mobile":""},"google_fonts":[],"version":6}},"_links":{"self":[{"href":"https:\/\/climateking.eu\/es\/wp-json\/wp\/v2\/pages\/6270","targetHints":{"allow":["GET"]}}],"collection":[{"href":"https:\/\/climateking.eu\/es\/wp-json\/wp\/v2\/pages"}],"about":[{"href":"https:\/\/climateking.eu\/es\/wp-json\/wp\/v2\/types\/page"}],"author":[{"embeddable":true,"href":"https:\/\/climateking.eu\/es\/wp-json\/wp\/v2\/users\/1"}],"replies":[{"embeddable":true,"href":"https:\/\/climateking.eu\/es\/wp-json\/wp\/v2\/comments?post=6270"}],"version-history":[{"count":7,"href":"https:\/\/climateking.eu\/es\/wp-json\/wp\/v2\/pages\/6270\/revisions"}],"predecessor-version":[{"id":9091,"href":"https:\/\/climateking.eu\/es\/wp-json\/wp\/v2\/pages\/6270\/revisions\/9091"}],"wp:attachment":[{"href":"https:\/\/climateking.eu\/es\/wp-json\/wp\/v2\/media?parent=6270"}],"curies":[{"name":"wp","href":"https:\/\/api.w.org\/{rel}","templated":true}]}}