{"id":6989,"date":"2025-06-08T08:58:34","date_gmt":"2025-06-08T06:58:34","guid":{"rendered":"https:\/\/climateking.eu\/datenschutzbestimmungen\/"},"modified":"2026-01-13T01:34:24","modified_gmt":"2026-01-13T00:34:24","slug":"datenschutzbestimmungen","status":"publish","type":"page","link":"https:\/\/climateking.eu\/de\/datenschutzbestimmungen\/","title":{"rendered":"Datenschutzbestimmungen"},"content":{"rendered":"<div class=\"wpb-content-wrapper\"><p>[vc_row full_width=\"stretch_row\" content_placement=\"middle\" css=\".vc_custom_1734164499306{padding-top: 20px !important;background-image: url(https:\/\/climateking.eu\/wp-content\/uploads\/2024\/12\/Garantie-comp.jpg?id=3103) !important;background-position: center !important;background-repeat: no-repeat !important;background-size: cover !important;}\"][vc_column offset=\"vc_hidden-xs\"][vc_column_text css=\"\"]<\/p>\n<h2 style=\"color: #ffffff; font-size: 60px; line-height: 1; text-align: left; font-weight: 300;\">DATENSCHUTZ<\/h2>\n<p>[\/vc_column_text][vc_empty_space height=\"150px\"][\/vc_column][vc_column offset=\"vc_hidden-lg vc_hidden-md vc_hidden-sm\"][vc_column_text css=\"\"]<\/p>\n<h2 style=\"color: #ffffff; font-size: 25px; line-height: 1; text-align: left; font-weight: 300;\">DATENSCHUTZ<\/h2>\n<p>[\/vc_column_text][vc_empty_space height=\"125px\"][\/vc_column][\/vc_row][vc_row][vc_column][vc_column_text css=\"\"]<\/p>\n<h1>Datenschutzbestimmungen von Climate King BV<\/h1>\n<p><strong>Gesch\u00e4ftskunden (B2B)<\/strong><\/p>\n<p><strong>Climate King BV<\/strong><br \/>\nTextielstraat 28D<br \/>\n7575 CA Oldenzaal<\/p>\n<p>Kvk-Nummer: 73418137<br \/>\nUSt-IdNr.: NL859528583B01<\/p>\n<hr>\n<p data-start=\"389\" data-end=\"695\">Wir legen gro\u00dfen Wert auf Ihre Privatsph\u00e4re. In dieser Datenschutzerkl\u00e4rung erl\u00e4utern wir, welche Daten wir sammeln und verwenden und zu welchem Zweck. Diese Erkl\u00e4rung gilt f\u00fcr alle Datenverarbeitungen \u00fcber unsere Website [<a class=\"\" href=\"http:\/\/www.climateking.nl\" target=\"_new\" rel=\"noopener\">www.climateking.nl<\/a>] und bei der Abwicklung von Bestellungen.  <\/p>\n<h2 data-start=\"265\" data-end=\"316\">1. Wer ist f\u00fcr Ihre Daten verantwortlich?<\/h2>\n<p data-start=\"317\" data-end=\"409\">Climate King BV ist die verantwortliche Stelle f\u00fcr die Verarbeitung Ihrer personenbezogenen Daten.<\/p>\n<h2 data-start=\"411\" data-end=\"456\">2. Welche personenbezogenen Daten verarbeiten wir?<\/h2>\n<p data-start=\"457\" data-end=\"626\">Wenn Sie als Gesch\u00e4ftskunde unsere Dienstleistungen nutzen oder eine Bestellung aufgeben, verarbeiten wir die folgenden Daten von Ansprechpartnern innerhalb Ihrer Organisation:<\/p>\n<ul data-start=\"628\" data-end=\"887\">\n<li data-start=\"628\" data-end=\"658\">\n<p data-start=\"630\" data-end=\"658\">Name des Ansprechpartners<\/p>\n<\/li>\n<li data-start=\"659\" data-end=\"675\">\n<p data-start=\"661\" data-end=\"675\">Firmenname<\/p>\n<\/li>\n<li data-start=\"676\" data-end=\"720\">\n<p data-start=\"678\" data-end=\"720\">Adressdaten (Rechnungs- und Versandadresse)<\/p>\n<\/li>\n<li data-start=\"721\" data-end=\"748\">\n<p data-start=\"723\" data-end=\"748\">Gesch\u00e4ftliche Telefonnummer<\/p>\n<\/li>\n<li data-start=\"749\" data-end=\"773\">\n<p data-start=\"751\" data-end=\"773\">Gesch\u00e4ftliche E-Mail-Adresse<\/p>\n<\/li>\n<li data-start=\"774\" data-end=\"786\">\n<p data-start=\"776\" data-end=\"786\">IP-Adresse<\/p>\n<\/li>\n<li data-start=\"787\" data-end=\"836\">\n<p data-start=\"789\" data-end=\"836\">Zahlungsdaten (\u00fcber Ihre gew\u00e4hlte Zahlungsmethode)<\/p>\n<\/li>\n<li data-start=\"837\" data-end=\"859\">\n<p data-start=\"839\" data-end=\"859\">Bestellhistorie<\/p>\n<\/li>\n<li data-start=\"860\" data-end=\"887\">\n<p data-start=\"862\" data-end=\"887\">Eventuelle Korrespondenz<\/p>\n<\/li>\n<\/ul>\n<h2 data-start=\"889\" data-end=\"934\">3. Wof\u00fcr verwenden wir diese Daten?<\/h2>\n<p data-start=\"935\" data-end=\"991\">Wir verwenden diese Daten f\u00fcr die folgenden Zwecke:<\/p>\n<ul data-start=\"993\" data-end=\"1387\">\n<li data-start=\"993\" data-end=\"1041\">\n<p data-start=\"995\" data-end=\"1041\">Die Bearbeitung von Bestellungen und Zahlungen<\/p>\n<\/li>\n<li data-start=\"1042\" data-end=\"1074\">\n<p data-start=\"1044\" data-end=\"1074\">Die Lieferung der Produkte<\/p>\n<\/li>\n<li data-start=\"1075\" data-end=\"1140\">\n<p data-start=\"1077\" data-end=\"1140\">Die Pflege der Bestellhistorie und f\u00fcr die Administration<\/p>\n<\/li>\n<li data-start=\"1141\" data-end=\"1185\">\n<p data-start=\"1143\" data-end=\"1185\">Kommunikation \u00fcber Bestellungen oder Fragen<\/p>\n<\/li>\n<li data-start=\"1186\" data-end=\"1254\">\n<p data-start=\"1188\" data-end=\"1254\">Erf\u00fcllung gesetzlicher Verpflichtungen (wie z. B. Steuergesetze)<\/p>\n<\/li>\n<li data-start=\"1255\" data-end=\"1299\">\n<p data-start=\"1257\" data-end=\"1299\">Sicherheit unserer Website und Dienstleistungen<\/p>\n<\/li>\n<li data-start=\"1300\" data-end=\"1387\">\n<p data-start=\"1302\" data-end=\"1387\">Versand von gesch\u00e4ftlichen Newslettern oder Updates, sofern hierf\u00fcr eine Einwilligung vorliegt<\/p>\n<\/li>\n<\/ul>\n<h2 data-start=\"1389\" data-end=\"1427\">4. Rechtsgrundlage f\u00fcr die Verarbeitung<\/h2>\n<p data-start=\"1428\" data-end=\"1472\">Wir verarbeiten personenbezogene Daten auf der Grundlage von:<\/p>\n<ul data-start=\"1474\" data-end=\"1787\">\n<li data-start=\"1474\" data-end=\"1548\">\n<p data-start=\"1476\" data-end=\"1548\">Erf\u00fcllung des Vertrags (wie z. B. die Bearbeitung Ihrer Bestellung)<\/p>\n<\/li>\n<li data-start=\"1549\" data-end=\"1607\">\n<p data-start=\"1551\" data-end=\"1607\">Gesetzliche Verpflichtungen (wie z. B. steuerliche Aufbewahrungspflicht)<\/p>\n<\/li>\n<li data-start=\"1608\" data-end=\"1712\">\n<p data-start=\"1610\" data-end=\"1712\">Berechtigtes Interesse (z. B. die Pflege von Kundenbeziehungen oder die Sicherung der Website)<\/p>\n<\/li>\n<li data-start=\"1713\" data-end=\"1787\">\n<p data-start=\"1715\" data-end=\"1787\">Einwilligung (f\u00fcr den Versand von Newslettern oder Marketingmitteilungen)<\/p>\n<\/li>\n<\/ul>\n<h2 data-start=\"1789\" data-end=\"1832\">5. Wie lange bewahren wir Ihre Daten auf?<\/h2>\n<p data-start=\"1833\" data-end=\"2059\">Wir bewahren personenbezogene Daten nicht l\u00e4nger auf, als es f\u00fcr die Zwecke, f\u00fcr die sie erhoben wurden, erforderlich ist, es sei denn, wir sind gesetzlich verpflichtet, Daten l\u00e4nger aufzubewahren. Wir halten uns im Allgemeinen an die folgenden Aufbewahrungsfristen: <\/p>\n<ul data-start=\"2061\" data-end=\"2240\">\n<li data-start=\"2061\" data-end=\"2134\">\n<p data-start=\"2063\" data-end=\"2134\">Rechnungs- und Bestelldaten: mindestens 7 Jahre (gesetzliche Verpflichtung)<\/p>\n<\/li>\n<li data-start=\"2135\" data-end=\"2196\">\n<p data-start=\"2137\" data-end=\"2196\">Korrespondenz und Kundenanfragen: bis zu 2 Jahre nach Bearbeitung<\/p>\n<\/li>\n<li data-start=\"2197\" data-end=\"2240\">\n<p data-start=\"2199\" data-end=\"2240\">Newsletter-Registrierung: bis zur Abmeldung<\/p>\n<\/li>\n<\/ul>\n<h2 data-start=\"2242\" data-end=\"2279\">6. Weitergabe von Daten an Dritte<\/h2>\n<p data-start=\"2280\" data-end=\"2467\">Wir verkaufen Ihre Daten nicht an Dritte. Wir geben Daten ausschlie\u00dflich dann weiter, wenn dies f\u00fcr unsere Dienstleistung erforderlich ist oder wenn wir dazu gesetzlich verpflichtet sind. Denken Sie hierbei an:  <\/p>\n<ul data-start=\"2469\" data-end=\"2741\">\n<li data-start=\"2469\" data-end=\"2530\">\n<p data-start=\"2471\" data-end=\"2530\">Zahlungsdienstleister (f\u00fcr die Verarbeitung von Zahlungen)<\/p>\n<\/li>\n<li data-start=\"2531\" data-end=\"2602\">\n<p data-start=\"2533\" data-end=\"2602\">Transportunternehmen und Zustelldienste (f\u00fcr die Lieferung von Bestellungen)<\/p>\n<\/li>\n<li data-start=\"2603\" data-end=\"2670\">\n<p data-start=\"2605\" data-end=\"2670\">IT-Dienstleister (f\u00fcr Hosting und Wartung unserer Website)<\/p>\n<\/li>\n<li data-start=\"2671\" data-end=\"2741\">\n<p data-start=\"2673\" data-end=\"2741\">Administrations- und Buchhaltungspartner (f\u00fcr die Finanzverwaltung)<\/p>\n<\/li>\n<\/ul>\n<p data-start=\"2743\" data-end=\"2828\">Mit diesen Parteien schlie\u00dfen wir Auftragsverarbeitungsvertr\u00e4ge ab, um Ihre Privatsph\u00e4re zu gew\u00e4hrleisten.<\/p>\n<h2 data-start=\"2830\" data-end=\"2870\">7. Sicherheit von personenbezogenen Daten<\/h2>\n<p data-start=\"2871\" data-end=\"3042\">Wir treffen geeignete technische und organisatorische Ma\u00dfnahmen, um Ihre personenbezogenen Daten vor Verlust, unbefugtem Zugriff oder Missbrauch zu sch\u00fctzen. Denken Sie hierbei an: <\/p>\n<ul data-start=\"3044\" data-end=\"3158\">\n<li data-start=\"3044\" data-end=\"3083\">\n<p data-start=\"3046\" data-end=\"3083\">Verschl\u00fcsselte Verbindungen (SSL\/TLS)<\/p>\n<\/li>\n<li data-start=\"3084\" data-end=\"3118\">\n<p data-start=\"3086\" data-end=\"3118\">Sichere Speicherung von Daten<\/p>\n<\/li>\n<li data-start=\"3119\" data-end=\"3158\">\n<p data-start=\"3121\" data-end=\"3158\">Beschr\u00e4nkter Zugriff auf personenbezogene Daten<\/p>\n<\/li>\n<\/ul>\n<h2 data-start=\"3160\" data-end=\"3175\">8. Cookies<\/h2>\n<p data-start=\"3176\" data-end=\"3336\">Unsere Website verwendet Cookies, um die Funktionalit\u00e4t und Benutzerfreundlichkeit zu verbessern. F\u00fcr weitere Informationen verweisen wir auf unsere Cookie-Richtlinien. <\/p>\n<h2 data-start=\"3338\" data-end=\"3358\">9. Ihre Rechte<\/h2>\n<p data-start=\"3359\" data-end=\"3380\">Sie haben das Recht:<\/p>\n<ul data-start=\"3382\" data-end=\"3670\">\n<li data-start=\"3382\" data-end=\"3426\">\n<p data-start=\"3384\" data-end=\"3426\">Einsicht in Ihre personenbezogenen Daten zu erhalten<\/p>\n<\/li>\n<li data-start=\"3427\" data-end=\"3477\">\n<p data-start=\"3429\" data-end=\"3477\">Ihre Daten korrigieren oder l\u00f6schen zu lassen<\/p>\n<\/li>\n<li data-start=\"3478\" data-end=\"3526\">\n<p data-start=\"3480\" data-end=\"3526\">Widerspruch gegen bestimmte Verarbeitungen einzulegen<\/p>\n<\/li>\n<li data-start=\"3527\" data-end=\"3607\">\n<p data-start=\"3529\" data-end=\"3607\">Die Einwilligung zum Erhalt von Newslettern jederzeit zu widerrufen<\/p>\n<\/li>\n<li data-start=\"3608\" data-end=\"3670\">\n<p data-start=\"3610\" data-end=\"3670\">Eine Beschwerde bei der Aufsichtsbeh\u00f6rde f\u00fcr personenbezogene Daten einzureichen<\/p>\n<\/li>\n<\/ul>\n<p data-start=\"3672\" data-end=\"3767\">M\u00f6chten Sie von diesen Rechten Gebrauch machen? Dann nehmen Sie Kontakt mit uns auf. <\/p>\n<h2 data-start=\"3769\" data-end=\"3815\">10. \u00c4nderungen an dieser Datenschutzerkl\u00e4rung<\/h2>\n<p data-start=\"3816\" data-end=\"3994\">Wir k\u00f6nnen diese Datenschutzerkl\u00e4rung von Zeit zu Zeit \u00e4ndern. Die aktuellste Version finden Sie immer auf unserer Website. Wir empfehlen, diese Erkl\u00e4rung regelm\u00e4\u00dfig zu konsultieren.  <\/p>\n<p>[\/vc_column_text][\/vc_column][\/vc_row]<\/p>\n<\/div>","protected":false},"excerpt":{"rendered":"<p>[vc_row full_width=\"stretch_row\" content_placement=\"middle\" css=\".vc_custom_1734164499306{padding-top: 20px !important;background-image: url(https:\/\/climateking.eu\/wp-content\/uploads\/2024\/12\/Garantie-comp.jpg?id=3103) !important;background-position: center !important;background-repeat: no-repeat !important;background-size: cover !important;}\"][vc_column offset=\"vc_hidden-xs\"][vc_column_text css=\"\"] DATENSCHUTZ [\/vc_column_text][vc_empty_space height=\"150px\"][\/vc_column][vc_column offset=\"vc_hidden-lg vc_hidden-md vc_hidden-sm\"][vc_column_text css=\"\"] DATENSCHUTZ [\/vc_column_text][vc_empty_space height=\"125px\"][\/vc_column][\/vc_row][vc_row][vc_column][vc_column_text css=\"\"] Datenschutzbestimmungen von Climate King BV Gesch\u00e4ftskunden (B2B) Climate King BV Textielstraat 28D 7575 CA Oldenzaal Kvk-Nummer: 73418137 USt-IdNr.: NL859528583B01 Wir legen gro\u00dfen Wert auf Ihre Privatsph\u00e4re. In dieser [&hellip;]<\/p>\n","protected":false},"author":1,"featured_media":0,"parent":0,"menu_order":0,"comment_status":"closed","ping_status":"closed","template":"","meta":{"footnotes":""},"class_list":["post-6989","page","type-page","status-publish","hentry"],"blocksy_meta":[],"_links":{"self":[{"href":"https:\/\/climateking.eu\/de\/wp-json\/wp\/v2\/pages\/6989","targetHints":{"allow":["GET"]}}],"collection":[{"href":"https:\/\/climateking.eu\/de\/wp-json\/wp\/v2\/pages"}],"about":[{"href":"https:\/\/climateking.eu\/de\/wp-json\/wp\/v2\/types\/page"}],"author":[{"embeddable":true,"href":"https:\/\/climateking.eu\/de\/wp-json\/wp\/v2\/users\/1"}],"replies":[{"embeddable":true,"href":"https:\/\/climateking.eu\/de\/wp-json\/wp\/v2\/comments?post=6989"}],"version-history":[{"count":8,"href":"https:\/\/climateking.eu\/de\/wp-json\/wp\/v2\/pages\/6989\/revisions"}],"predecessor-version":[{"id":7016,"href":"https:\/\/climateking.eu\/de\/wp-json\/wp\/v2\/pages\/6989\/revisions\/7016"}],"wp:attachment":[{"href":"https:\/\/climateking.eu\/de\/wp-json\/wp\/v2\/media?parent=6989"}],"curies":[{"name":"wp","href":"https:\/\/api.w.org\/{rel}","templated":true}]}}