{"id":6416,"date":"2025-05-15T13:36:08","date_gmt":"2025-05-15T11:36:08","guid":{"rendered":"https:\/\/climateking.eu\/klimaanlage-ohne-aussengeraet-willkommen-in-der-zukunft\/"},"modified":"2025-12-27T09:51:49","modified_gmt":"2025-12-27T08:51:49","slug":"klimaanlage-ohne-aussengeraet-willkommen-in-der-zukunft","status":"publish","type":"page","link":"https:\/\/climateking.eu\/de\/klimaanlage-ohne-aussengeraet-willkommen-in-der-zukunft\/","title":{"rendered":"Klimaanlage ohne Au\u00dfenger\u00e4t? Willkommen in der Zukunft."},"content":{"rendered":"<div class=\"wpb-content-wrapper\"><p>[vc_row full_width=\"stretch_row\" css=\".vc_custom_1747310042125{background-color: #C2C2C2 !important;}\"][vc_column][vc_custom_heading text=\"Klimaanlage ohne Au\u00dfenger\u00e4t? Willkommen in der Zukunft. \" font_container=\"tag:h2|text_align:center\" use_theme_fonts=\"yes\" css=\"\"][vc_column_text css=\".vc_custom_1747313056943{padding-bottom: 30px !important;}\"]<\/p>\n<p style=\"text-align: center;\"><a href=\"\/\">Home<\/a> &gt; <a href=\"\/homepage\">Homepage<\/a> &gt; Klimaanlage ohne Au\u00dfenger\u00e4t? Willkommen in der Zukunft. <\/p>\n<p>[\/vc_column_text][\/vc_column][\/vc_row][vc_row][vc_column][vc_column_text css=\"\" el_class=\"a1&#8243;]Entdecken Sie das <strong>Climate King Monoblock-Wandmodell<\/strong> \u2013 ein stilvolles und intelligentes All-in-One-System zum Heizen und K\u00fchlen, das vollst\u00e4ndig im Innenbereich funktioniert. Kein Au\u00dfenger\u00e4t, keine Probleme \u2013 nur Komfort, das ganze Jahr \u00fcber.[\/vc_column_text][\/vc_column][\/vc_row][vc_row][vc_column][vc_custom_heading text=\"Warum das Climate King Monoblock-Wandmodell w\u00e4hlen?\" font_container=\"tag:h2|font_size:25|text_align:center\" use_theme_fonts=\"yes\" css=\"\"][\/vc_column][\/vc_row][vc_row css=\".vc_custom_1747312628629{margin-top: 30px !important;}\"][vc_column width=\"1\/3&#8243;][vc_custom_heading text=\"Alles drinnen, alles geregelt\" font_container=\"tag:h2|font_size:23|text_align:left\" use_theme_fonts=\"yes\" css=\"\" el_class=\"a2&#8243;][vc_column_text css=\"\" el_class=\"a3&#8243;]Eine einzige kompakte Einheit, die alles im Haus hat: Der Kompressor, der Kondensator und der Verdampfer sind intelligent in einem Ger\u00e4t integriert. Keine externen Teile, keine Installationsarbeiten im Freien. Einfach Komfort im Innenbereich, ohne Kompromisse.[\/vc_column_text][\/vc_column][vc_column width=\"1\/3&#8243;][vc_custom_heading text=\"Gut f\u00fcr Sie, gut f\u00fcr den Planeten\" font_container=\"tag:h2|font_size:23|text_align:left\" use_theme_fonts=\"yes\" css=\"\" el_class=\"a4&#8243;][vc_column_text css=\"\" el_class=\"a5&#8243;]\u2022 Funktioniert mit dem umweltfreundlichen K\u00e4ltemittel R290<br \/>\u2022 Niedriger Energieverbrauch, hohe Effizienz<br \/>\u2022 Nachhaltig und leistungsstark \u2013 bereit f\u00fcr die Zukunft[\/vc_column_text][\/vc_column][vc_column width=\"1\/3&#8243;][vc_custom_heading text=\"Intelligent und einfach zu bedienen\" font_container=\"tag:h2|font_size:23|text_align:left\" use_theme_fonts=\"yes\" css=\"\" el_class=\"a6&#8243;][vc_column_text css=\"\" el_class=\"a7&#8243;]Mit der benutzerfreundlichen Bedienung behalten Sie die Kontrolle:<br \/>\u2022 \u00dcber das Bedienfeld oder die Fernbedienung<br \/>\u2022 Stellen Sie einfach Timer ein, die zu Ihrem Tagesablauf passen<br \/>\u2022 Komfort nach Ma\u00df, immer in Reichweite[\/vc_column_text][\/vc_column][\/vc_row][vc_row css=\".vc_custom_1747312643722{margin-top: 20px !important;}\"][vc_column width=\"1\/2&#8243;][vc_custom_heading text=\"Komfort in jeder Saison\" font_container=\"tag:h2|font_size:25|text_align:left\" use_theme_fonts=\"yes\" css=\"\" el_class=\"a8&#8243;][vc_column_text css=\"\" el_class=\"a9&#8243;]Ob warm oder kalt, dieses System passt sich m\u00fchelos an Ihre Bed\u00fcrfnisse an:<\/p>\n<p>\u2022 K\u00fchlung w\u00e4hrend sommerlicher Hitze<br \/>\u2022 Heizung an kalten Tagen<br \/>\u2022 Entfeuchtung f\u00fcr ein gesundes und angenehmes Raumklima<br \/>\u2022 Der Bel\u00fcftungsmodus sorgt f\u00fcr eine konstante Luftzirkulation und bringt eine frische, sanfte Brise in den Raum \u2013 f\u00fcr ein angenehmes und komfortables Raumklima.<\/p>\n<p>&nbsp;[\/vc_column_text][\/vc_column][vc_column width=\"1\/2&#8243;][vc_single_image image=\"5844&#8243; img_size=\"300&#8243; alignment=\"center\" css=\"\"][\/vc_column][\/vc_row][vc_row css=\".vc_custom_1747312659010{margin-top: 20px !important;}\"][vc_column width=\"1\/3&#8243;][vc_custom_heading text=\"Installation? Nicht erforderlich \" font_container=\"tag:h2|font_size:25|text_align:center\" use_theme_fonts=\"yes\" css=\"\" el_class=\"a10&#8243;][vc_column_text css=\"\" el_class=\"a11&#8243;]<\/p>\n<p style=\"text-align: center;\">\u2022 Kein Installateur oder Techniker erforderlich<\/p>\n<p style=\"text-align: center;\">\u2022 Keine Leitungen, kein Risiko von Leckagen<\/p>\n<p style=\"text-align: center;\">\u2022 Plug-and-Play-Komfort \u2013 einfach einschalten und genie\u00dfen<\/p>\n<p>[\/vc_column_text][\/vc_column][vc_column width=\"1\/3&#8243;][vc_custom_heading text=\"Bereit zu wachsen?\" font_container=\"tag:h2|font_size:25|text_align:center\" use_theme_fonts=\"yes\" css=\"\" el_class=\"a12&#8243;][vc_column_text css=\".vc_custom_1747317397894{margin-top: 30px !important;}\" el_class=\"a13&#8243;]<\/p>\n<p style=\"text-align: center;\">Bieten Sie Ihren Kunden eine intelligente L\u00f6sung f\u00fcr moderne Klimatisierung.<\/p>\n<p>[\/vc_column_text][vc_btn title=\"\ud83d\udc49 Registrieren Sie sich jetzt\" align=\"center\" css=\".vc_custom_1747312709535{margin-top: 30px !important;}\" button_block=\"true\"][\/vc_column][vc_column width=\"1\/3&#8243;][vc_single_image image=\"6417&#8243; img_size=\"200&#8243; alignment=\"center\" css=\"\"][\/vc_column][\/vc_row][vc_row css=\".vc_custom_1747312694426{margin-top: 30px !important;}\"][vc_column][vc_custom_heading text=\"Unsere neuesten Updates:\" font_container=\"tag:h2|font_size:25|text_align:left\" use_theme_fonts=\"yes\" css=\"\" el_class=\"a20&#8243;][vc_basic_grid post_type=\"post\" max_items=\"3&#8243; item=\"masonryGrid_SlideFromLeft\" css=\"\" grid_id=\"vc_gid:1747316009456-787735e4-4ded-10&#8243;][\/vc_column][\/vc_row]<\/p>\n<\/div>","protected":false},"excerpt":{"rendered":"<p>[vc_row full_width=\"stretch_row\" css=\".vc_custom_1747310042125{background-color: #C2C2C2 !important;}\"][vc_column][vc_custom_heading text=\"Klimaanlage ohne Au\u00dfenger\u00e4t? Willkommen in der Zukunft. \" font_container=\"tag:h2|text_align:center\" use_theme_fonts=\"yes\" css=\"\"][vc_column_text css=\".vc_custom_1747313056943{padding-bottom: 30px !important;}\"] Home &gt; Homepage &gt; Klimaanlage ohne Au\u00dfenger\u00e4t? Willkommen in der Zukunft. [\/vc_column_text][\/vc_column][\/vc_row][vc_row][vc_column][vc_column_text css=\"\" el_class=\"a1&#8243;]Entdecken Sie das Climate King Monoblock-Wandmodell \u2013 ein stilvolles und intelligentes All-in-One-System zum Heizen und K\u00fchlen, das vollst\u00e4ndig im Innenbereich funktioniert. Kein Au\u00dfenger\u00e4t, [&hellip;]<\/p>\n","protected":false},"author":21,"featured_media":0,"parent":0,"menu_order":0,"comment_status":"closed","ping_status":"closed","template":"","meta":{"footnotes":""},"class_list":["post-6416","page","type-page","status-publish","hentry"],"blocksy_meta":[],"_links":{"self":[{"href":"https:\/\/climateking.eu\/de\/wp-json\/wp\/v2\/pages\/6416","targetHints":{"allow":["GET"]}}],"collection":[{"href":"https:\/\/climateking.eu\/de\/wp-json\/wp\/v2\/pages"}],"about":[{"href":"https:\/\/climateking.eu\/de\/wp-json\/wp\/v2\/types\/page"}],"author":[{"embeddable":true,"href":"https:\/\/climateking.eu\/de\/wp-json\/wp\/v2\/users\/21"}],"replies":[{"embeddable":true,"href":"https:\/\/climateking.eu\/de\/wp-json\/wp\/v2\/comments?post=6416"}],"version-history":[{"count":7,"href":"https:\/\/climateking.eu\/de\/wp-json\/wp\/v2\/pages\/6416\/revisions"}],"predecessor-version":[{"id":6435,"href":"https:\/\/climateking.eu\/de\/wp-json\/wp\/v2\/pages\/6416\/revisions\/6435"}],"wp:attachment":[{"href":"https:\/\/climateking.eu\/de\/wp-json\/wp\/v2\/media?parent=6416"}],"curies":[{"name":"wp","href":"https:\/\/api.w.org\/{rel}","templated":true}]}}