{"id":6348,"date":"2025-01-17T15:03:33","date_gmt":"2025-01-17T14:03:33","guid":{"rendered":"https:\/\/climateking.eu\/versand\/"},"modified":"2026-02-17T10:33:01","modified_gmt":"2026-02-17T09:33:01","slug":"versand","status":"publish","type":"page","link":"https:\/\/climateking.eu\/de\/versand\/","title":{"rendered":"Versand"},"content":{"rendered":"<div class=\"wpb-content-wrapper\"><p>[vc_row full_width=\"stretch_row\" content_placement=\"middle\" css=\".vc_custom_1771320775544{padding-top: 20px !important;background-image: url(https:\/\/climateking.eu\/wp-content\/uploads\/2026\/02\/Shipping-Banner-2.jpg?id=9098) !important;background-position: center !important;background-repeat: no-repeat !important;background-size: cover !important;}\"][vc_column][vc_raw_html css=\"\"]JTNDaDElMjBjbGFzcyUzRCUyMmJhbm5lci10aXRsZS12ZXJzYW5kJTIyJTNFVmVyc2FuZCUzQyUyRmgxJTNFJTBEJTBBJTBEJTBBJTNDc3R5bGUlM0UlMEQlMEEuYmFubmVyLXRpdGxlLXZlcnNhbmQlN0IlMEQlMEElMjAlMjBjb2xvciUzQSUyM2ZmZmZmZiUzQiUwRCUwQSUyMCUyMGZvbnQtc2l6ZSUzQTYwcHglM0IlMEQlMEElMjAlMjBsaW5lLWhlaWdodCUzQTElM0IlMEQlMEElMjAlMjB0ZXh0LWFsaWduJTNBbGVmdCUzQiUwRCUwQSUyMCUyMGZvbnQtd2VpZ2h0JTNBMzAwJTNCJTBEJTBBJTdEJTBEJTBBJTBEJTBBJTQwbWVkaWElMjAlMjhtYXgtd2lkdGglM0ElMjA3NjhweCUyOSU3QiUwRCUwQSUyMCUyMC5iYW5uZXItdGl0bGUtdmVyc2FuZCU3QiUwRCUwQSUyMCUyMCUyMCUyMGZvbnQtc2l6ZSUzQTI1cHglM0IlMEQlMEElMjAlMjAlN0QlMEQlMEElN0QlMEQlMEElM0MlMkZzdHlsZSUzRSUwRCUwQQ==[\/vc_raw_html][vc_empty_space height=\"150px\"][\/vc_column][\/vc_row][vc_row equal_height=\"yes\" content_placement=\"bottom\" pgscore_enable_responsive_settings=\"true\" el_id=\"1521637410283-2cc51c6b-8ef5&#8243; element_css_md=\".vc_custom_1590396607340{padding-top: 60px !important;}\" element_css_sm=\".vc_custom_1590396607343{padding-top: 50px !important;}\" element_css_xs=\".vc_custom_1590396607347{padding-top: 40px !important;}\" css=\".vc_custom_1624455279763{padding-top: 0px !important;padding-right: 10px !important;padding-bottom: 10px !important;padding-left: 10px !important;background-color: #ffffff !important;}\"][vc_column css=\".vc_custom_1521723778384{margin-top: 40px !important;margin-bottom: 40px !important;}\" el_id=\"1551077773075-67cb6fca-c3a1&#8243;][vc_custom_heading text=\"Wir k\u00fcmmern uns um Ihre Bestellung\" font_container=\"tag:h3|text_align:left\" use_theme_fonts=\"yes\" font_weight=\"bold\" text_transform=\"uppercase\"][vc_row_inner el_id=\"1551077773095-cdd2e6fe-7cbe\"][vc_column_inner width=\"11\/12&#8243;][vc_column_text css=\".vc_custom_1624453564815{margin-top: 20px !important;margin-bottom: 20px !important;}\"]<\/p>\n<blockquote style=\"color: #4b636e;\"><p>Wir sorgen daf\u00fcr, dass Ihre Bestellung auf die bestm\u00f6gliche Weise zugestellt wird. Dies tun wir \u00fcber unsere ausgew\u00e4hlten Transportpartner. Sobald Ihre Bestellung versandt wurde, erhalten Sie einen Track &amp; Trace-Code per E-Mail.<\/p><\/blockquote>\n<p>[\/vc_column_text][vc_column_text css=\".vc_custom_1624454958656{margin-top: 20px !important;margin-bottom: 20px !important;}\"]<\/p>\n<blockquote style=\"color: #4b636e;\"><p>Am Morgen wird ein Zeitfenster mit der voraussichtlichen Lieferzeit angegeben. Oft ist dies ein Zeitfenster von zwei Stunden. Der Transporteur wird versuchen, innerhalb dieses Zeitfensters bei Ihnen zu sein. Wir empfehlen Ihnen, sicherzustellen, dass innerhalb dieses Zeitfensters jemand an der Lieferadresse anwesend ist, um die Bestellung entgegenzunehmen.<\/p><\/blockquote>\n<p>[\/vc_column_text][\/vc_column_inner][\/vc_row_inner][vc_separator color=\"white\" border_width=\"10&#8243;][vc_row_inner el_id=\"1551077773327-75c94ad0-ae5e\"][vc_column_inner width=\"1\/2&#8243; el_id=\"1551077773355-c367f9e3-2e45&#8243;][vc_column_text]<\/p>\n<ul>\n<li>Alle unsere Produkte werden innerhalb von 1-2 Werktagen geliefert, sofern diese auf Lager sind<\/li>\n<li>Wenn Produkte bei uns nicht auf Lager sind, aber beim Lieferanten, dauert dies 1 Tag l\u00e4nger<\/li>\n<li>Wenn Produkte auch nicht bei unserem Lieferanten auf Lager sind, werden Sie dies so schnell wie m\u00f6glich von uns h\u00f6ren<\/li>\n<\/ul>\n<p>[\/vc_column_text][\/vc_column_inner][vc_column_inner width=\"1\/2&#8243; el_id=\"1551077773422-4d5dbdde-f771&#8243;][vc_column_text css=\"\"]<\/p>\n<ul>\n<li>Pakete und\/oder Paletten werden von DHL, HST, PostNL oder Transmission zugestellt, diese bieten das Paket oder die Palette nur einmal an<\/li>\n<li>Wenn Sie die Sendung verpassen, m\u00fcssen Sie sie oft in einem Depot abholen, dieses Depot kann sehr weit von Ihrer Lieferadresse entfernt sein. Sie k\u00f6nnen auch einen zweiten Zustellversuch einplanen, jedoch sind hier meistens Kosten verbunden. Wir empfehlen Ihnen daher, daf\u00fcr Sorge zu tragen, dass jemand an Ihrem Lieferort anwesend ist oder deutliche Lieferanweisungen w\u00e4hrend Ihrer Bestellung mitzugeben.<\/li>\n<\/ul>\n<p>[\/vc_column_text][\/vc_column_inner][\/vc_row_inner][\/vc_column][\/vc_row][vc_row el_id=\"1590397849050-b6791e6f-df39&#8243;][vc_column el_id=\"1590397849064-423b95ab-879b\" offset=\"vc_hidden-sm vc_hidden-xs\"][vc_text_separator title=\"Climate King BV haftet in keiner Weise f\u00fcr die Folgen einer versp\u00e4teten Sendung.\" color=\"sky\" style=\"dashed\" border_width=\"5&#8243; css=\"\"][\/vc_column][\/vc_row][vc_row el_id=\"1616156388867-62d17490-f8bb\"][vc_column el_id=\"1616156388877-77a3364b-f9c2&#8243; offset=\"vc_hidden-lg vc_hidden-md\"][vc_column_text css=\"\"]<\/p>\n<p style=\"text-align: center;\"><strong>Climate King BV haftet in keiner Weise f\u00fcr die Folgen einer versp\u00e4teten Sendung.<\/strong><\/p>\n<p>[\/vc_column_text][\/vc_column][\/vc_row][vc_row el_id=\"1616156321297-66cedd9e-4d4c\"][vc_column el_id=\"1616156321315-ca583114-8bc1&#8243;][vc_custom_heading text=\"Tarife\" font_container=\"tag:h3|text_align:left\" use_theme_fonts=\"yes\" css=\"\" font_weight=\"bold\" text_transform=\"uppercase\"][\/vc_column][\/vc_row][vc_row el_id=\"1590397881668-a09a7452-33f8&#8243;][vc_column width=\"1\/2&#8243; alignment=\"left\" el_id=\"1590397881784-55bbb9cc-9b43&#8243;][vc_column_text css=\"\"]<\/p>\n<ul>\n<li>Paket XS NL - 5,00 \u20ac<\/li>\n<li>Paket NL - 10,00 \u20ac<\/li>\n<li>Paket-XL NL - 15,00 \u20ac<\/li>\n<li>Palette NL - 50,00 \u20ac<\/li>\n<\/ul>\n<p>[\/vc_column_text][\/vc_column][vc_column width=\"1\/2&#8243; alignment=\"center\" el_id=\"1590397881923-06d0344c-2b4a\"][vc_column_text css=\"\"]<\/p>\n<ul>\n<li>Paket XS BE - 10,00 \u20ac<\/li>\n<li>Paket BE - 15,00 \u20ac<\/li>\n<li>Paket-XL BE - 20,00 \u20ac<\/li>\n<li>Palette BE - 90,00 \u20ac<\/li>\n<\/ul>\n<p>[\/vc_column_text][\/vc_column][\/vc_row][vc_row][vc_column alignment=\"center\"][vc_column_text css=\"\"]<\/p>\n<p style=\"text-align: center;\">Alle Preise verstehen sich exklusive Mehrwertsteuer und pro St\u00fcck. Wir berechnen Versandkosten, um unsere Produkte so g\u00fcnstig wie m\u00f6glich anbieten zu k\u00f6nnen, wir haben keinen Mindestbestellwert f\u00fcr kostenlosen Versand oder \u00e4hnliches.<\/p>\n<p>[\/vc_column_text][vc_separator css=\"\"][\/vc_column][\/vc_row][vc_row el_id=\"1590397609903-06eb6f82-527e\"][vc_column alignment=\"center\" el_id=\"1590397609920-ebf5f776-1d63&#8243;][vc_column_text]<\/p>\n<p style=\"text-align: center;\"><strong>Sollte etwas mit der Sendung schiefgegangen sein oder haben Sie Fragen zu Ihrer Sendung, nehmen Sie bitte Kontakt mit uns auf.<\/strong><\/p>\n<p>[\/vc_column_text][vc_btn title=\"Kontakt\" style=\"classic\" color=\"blue\" align=\"center\" css=\"\" link=\"url:https%3A%2F%2Fclimateking.eu%2Fde%2Fkontakt%2F|title:Kontakt|\"][vc_empty_space height=\"50px\"][\/vc_column][\/vc_row]<\/p>\n<\/div>","protected":false},"excerpt":{"rendered":"<p>[vc_row full_width=\"stretch_row\" content_placement=\"middle\" css=\".vc_custom_1771320775544{padding-top: 20px !important;background-image: url(https:\/\/climateking.eu\/wp-content\/uploads\/2026\/02\/Shipping-Banner-2.jpg?id=9098) !important;background-position: center !important;background-repeat: no-repeat !important;background-size: cover !important;}\"][vc_column][vc_raw_html css=\"\"]JTNDaDElMjBjbGFzcyUzRCUyMmJhbm5lci10aXRsZS12ZXJzYW5kJTIyJTNFVmVyc2FuZCUzQyUyRmgxJTNFJTBEJTBBJTBEJTBBJTNDc3R5bGUlM0UlMEQlMEEuYmFubmVyLXRpdGxlLXZlcnNhbmQlN0IlMEQlMEElMjAlMjBjb2xvciUzQSUyM2ZmZmZmZiUzQiUwRCUwQSUyMCUyMGZvbnQtc2l6ZSUzQTYwcHglM0IlMEQlMEElMjAlMjBsaW5lLWhlaWdodCUzQTElM0IlMEQlMEElMjAlMjB0ZXh0LWFsaWduJTNBbGVmdCUzQiUwRCUwQSUyMCUyMGZvbnQtd2VpZ2h0JTNBMzAwJTNCJTBEJTBBJTdEJTBEJTBBJTBEJTBBJTQwbWVkaWElMjAlMjhtYXgtd2lkdGglM0ElMjA3NjhweCUyOSU3QiUwRCUwQSUyMCUyMC5iYW5uZXItdGl0bGUtdmVyc2FuZCU3QiUwRCUwQSUyMCUyMCUyMCUyMGZvbnQtc2l6ZSUzQTI1cHglM0IlMEQlMEElMjAlMjAlN0QlMEQlMEElN0QlMEQlMEElM0MlMkZzdHlsZSUzRSUwRCUwQQ==[\/vc_raw_html][vc_empty_space height=\"150px\"][\/vc_column][\/vc_row][vc_row equal_height=\"yes\" content_placement=\"bottom\" pgscore_enable_responsive_settings=\"true\" el_id=\"1521637410283-2cc51c6b-8ef5&#8243; element_css_md=\".vc_custom_1590396607340{padding-top: 60px !important;}\" element_css_sm=\".vc_custom_1590396607343{padding-top: 50px !important;}\" element_css_xs=\".vc_custom_1590396607347{padding-top: 40px !important;}\" css=\".vc_custom_1624455279763{padding-top: 0px !important;padding-right: 10px !important;padding-bottom: 10px !important;padding-left: 10px !important;background-color: #ffffff !important;}\"][vc_column css=\".vc_custom_1521723778384{margin-top: 40px !important;margin-bottom: 40px !important;}\" el_id=\"1551077773075-67cb6fca-c3a1&#8243;][vc_custom_heading text=\"Wir k\u00fcmmern uns um Ihre Bestellung\" font_container=\"tag:h3|text_align:left\" use_theme_fonts=\"yes\" font_weight=\"bold\" [&hellip;]<\/p>\n","protected":false},"author":1,"featured_media":0,"parent":0,"menu_order":0,"comment_status":"closed","ping_status":"closed","template":"","meta":{"footnotes":""},"class_list":["post-6348","page","type-page","status-publish","hentry"],"blocksy_meta":[],"_links":{"self":[{"href":"https:\/\/climateking.eu\/de\/wp-json\/wp\/v2\/pages\/6348","targetHints":{"allow":["GET"]}}],"collection":[{"href":"https:\/\/climateking.eu\/de\/wp-json\/wp\/v2\/pages"}],"about":[{"href":"https:\/\/climateking.eu\/de\/wp-json\/wp\/v2\/types\/page"}],"author":[{"embeddable":true,"href":"https:\/\/climateking.eu\/de\/wp-json\/wp\/v2\/users\/1"}],"replies":[{"embeddable":true,"href":"https:\/\/climateking.eu\/de\/wp-json\/wp\/v2\/comments?post=6348"}],"version-history":[{"count":6,"href":"https:\/\/climateking.eu\/de\/wp-json\/wp\/v2\/pages\/6348\/revisions"}],"predecessor-version":[{"id":9100,"href":"https:\/\/climateking.eu\/de\/wp-json\/wp\/v2\/pages\/6348\/revisions\/9100"}],"wp:attachment":[{"href":"https:\/\/climateking.eu\/de\/wp-json\/wp\/v2\/media?parent=6348"}],"curies":[{"name":"wp","href":"https:\/\/api.w.org\/{rel}","templated":true}]}}