{"id":6297,"date":"2024-11-19T20:56:23","date_gmt":"2024-11-19T19:56:23","guid":{"rendered":"https:\/\/climateking.eu\/garantie\/"},"modified":"2026-02-17T10:37:16","modified_gmt":"2026-02-17T09:37:16","slug":"garantie","status":"publish","type":"page","link":"https:\/\/climateking.eu\/de\/garantie\/","title":{"rendered":"Garantie"},"content":{"rendered":"<div class=\"wpb-content-wrapper\"><p>[vc_row full_width=\"stretch_row\" content_placement=\"middle\" css=\".vc_custom_1771321030608{padding-top: 20px !important;background-image: url(https:\/\/climateking.eu\/wp-content\/uploads\/2024\/12\/Garantie-comp.jpg?id=6298) !important;background-position: center !important;background-repeat: no-repeat !important;background-size: cover !important;}\"][vc_column][vc_raw_html css=\"\"]JTNDaDElMjBjbGFzcyUzRCUyMmJhbm5lci10aXRsZS1nYXJhbnRpZS1kZSUyMiUzRUdBUkFOVElFJTNDJTJGaDElM0UlMEQlMEElMEQlMEElM0NzdHlsZSUzRSUwRCUwQS5iYW5uZXItdGl0bGUtZ2FyYW50aWUtZGUlN0IlMEQlMEElMjAlMjBjb2xvciUzQSUyM2ZmZmZmZiUzQiUwRCUwQSUyMCUyMGZvbnQtc2l6ZSUzQTYwcHglM0IlMEQlMEElMjAlMjBsaW5lLWhlaWdodCUzQTElM0IlMEQlMEElMjAlMjB0ZXh0LWFsaWduJTNBbGVmdCUzQiUwRCUwQSUyMCUyMGZvbnQtd2VpZ2h0JTNBMzAwJTNCJTBEJTBBJTdEJTBEJTBBJTBEJTBBJTQwbWVkaWElMjAlMjhtYXgtd2lkdGglM0ElMjA3NjhweCUyOSU3QiUwRCUwQSUyMCUyMC5iYW5uZXItdGl0bGUtZ2FyYW50aWUtZGUlN0IlMEQlMEElMjAlMjAlMjAlMjBmb250LXNpemUlM0EyNXB4JTNCJTBEJTBBJTIwJTIwJTdEJTBEJTBBJTdEJTBEJTBBJTNDJTJGc3R5bGUlM0UlMEQlMEE=[\/vc_raw_html][vc_empty_space height=\"150px\"][\/vc_column][\/vc_row][vc_row][vc_column][vc_column_text css=\"\"]<\/p>\n<div class=\"wpb_text_column wpb_content_element vc_custom_1732535606046\">\n<div class=\"wpb_wrapper\">\n<h2><strong>GARANTIEBEDINGUNGEN CLIMATE KING BV<\/strong><\/h2>\n<h5>Alle in den Niederlanden gelieferten Produkte von Climate King haben eine standardm\u00e4\u00dfige Werksgarantie mit einer Laufzeit von 2 Jahren nach Lieferung. Dacheindeckungs-\/Flachdacheinheiten haben eine Werksgarantie von 3 Jahren. F\u00fcr alle Split-Klimaanlagen von Climate King gilt eine Werksgarantie von bis zu 5 Jahren*. Innerhalb dieser Frist werden defekte Teile ausgetauscht, und diese Ersatzteile kosten Sie nichts, sofern die nachstehenden Garantiebedingungen erf\u00fcllt sind.<\/h5>\n<h5>Der Austausch der Teile muss von einem spezialisierten Installateur vorgenommen werden.<\/h5>\n<h5>In Absprache kann ein Ger\u00e4t auch von uns zur Reparatur abgeholt werden, die Kosten f\u00fcr die Abholung\/R\u00fccksendung gehen zu Lasten des K\u00e4ufers. Ebenso kann das Ger\u00e4t nach Absprache zur Reparatur bei uns vorbeigebracht werden, Sie k\u00f6nnen hier nicht warten und m\u00fcssen ein anderes Mal wiederkommen, um es dann wieder abzuholen.<\/h5>\n<\/div>\n<\/div>\n<p>[\/vc_column_text][vc_column_text css=\"\"]<\/p>\n<div class=\"wpb_text_column wpb_content_element vc_custom_1732535606046\">\n<div class=\"wpb_wrapper\">\n<h3>Bedingungen<\/h3>\n<\/div>\n<\/div>\n<div class=\"vc_row wpb_row vc_inner vc_row-fluid\">\n<div class=\"wpb_column vc_column_container vc_col-sm-11\">\n<div class=\"vc_column-inner\">\n<div class=\"wpb_wrapper\">\n<div class=\"wpb_text_column wpb_content_element\">\n<div class=\"wpb_wrapper\">\n<ul>\n<li>Auf Anfrage von Climate King muss die Kaufrechnung der gesamten Installation und die Seriennummer(n) der betreffenden Einheit(en) schriftlich vorgelegt werden k\u00f6nnen.<\/li>\n<li>Die Ger\u00e4te sind gem\u00e4\u00df den Climate King-Vorschriften installiert.<\/li>\n<li>Ein eventueller Fehlercode und die Art der St\u00f6rung m\u00fcssen angegeben werden.<\/li>\n<\/ul>\n<\/div>\n<\/div>\n<\/div>\n<\/div>\n<\/div>\n<\/div>\n<p>[\/vc_column_text][vc_column_text css=\"\"]<\/p>\n<div class=\"wpb_text_column wpb_content_element vc_custom_1732535606046\">\n<div class=\"wpb_wrapper\"><\/div>\n<\/div>\n<div class=\"vc_row wpb_row vc_inner vc_row-fluid\">\n<div class=\"wpb_column vc_column_container vc_col-sm-11\">\n<div class=\"vc_column-inner\">\n<div class=\"wpb_wrapper\">\n<div class=\"wpb_text_column wpb_content_element\">\n<div class=\"wpb_wrapper\">\n<h3>Ausschl\u00fcsse<\/h3>\n<\/div>\n<\/div>\n<div class=\"wpb_text_column wpb_content_element\">\n<div class=\"wpb_wrapper\">\n<ul>\n<li>Es liegt kein Garantieanspruch vor, wenn der Defekt durch \u00e4u\u00dfere Umst\u00e4nde wie Wettereinfl\u00fcsse, Vandalismus oder \u00dcber-\/Unterspannung entstanden ist.<\/li>\n<li>Der Defekt ist durch mangelnde Wartung, starke Verschmutzung, Aufstellung in einer aggressiven Umgebung oder durch eine fehlerhafte Installation entstanden.<\/li>\n<li>Die Kapazit\u00e4t der Klimaanlage ist f\u00fcr den Einsatz zu gering (Split-Ger\u00e4te).<\/li>\n<li>Das Typenschild entfernt oder unleserlich ist.<\/li>\n<li>Kein Kennzeichen am Au\u00dfenger\u00e4t vorhanden ist (Split-Ger\u00e4te).<\/li>\n<li>Arbeitskosten und andere (externe) Kosten und Defekte, die durch den Defekt der Climate King-Ger\u00e4te entstehen, fallen nicht unter diese Garantiebedingungen.<\/li>\n<\/ul>\n<\/div>\n<\/div>\n<\/div>\n<\/div>\n<\/div>\n<\/div>\n<div class=\"vc_separator wpb_content_element vc_separator_align_center vc_sep_width_100 vc_sep_border_width_10 vc_sep_pos_align_center vc_separator_no_text vc_sep_color_white wpb_content_element wpb_content_element\"><\/div>\n<p>[\/vc_column_text][vc_column_text css=\"\"]<\/p>\n<div class=\"wpb_text_column wpb_content_element vc_custom_1732535606046\"><\/div>\n<div class=\"vc_row wpb_row vc_inner vc_row-fluid\">\n<div class=\"wpb_column vc_column_container vc_col-sm-11\">\n<div class=\"vc_column-inner\">\n<div class=\"wpb_wrapper\">\n<div class=\"wpb_text_column wpb_content_element\">\n<div class=\"wpb_wrapper\">\n<h3>Arten von Garantien:<\/h3>\n<\/div>\n<\/div>\n<\/div>\n<\/div>\n<\/div>\n<\/div>\n<div class=\"vc_row wpb_row vc_inner vc_row-fluid\">\n<div class=\"wpb_column vc_column_container vc_col-sm-11\">\n<div class=\"vc_column-inner\">\n<div class=\"wpb_wrapper\">\n<div class=\"wpb_text_column wpb_content_element\">\n<div class=\"wpb_wrapper\">\n<p>F\u00fcr jedes Produkt gelten unterschiedliche Garantiezeiten und -bedingungen. Auf alle unsere Split-Klimaanlagen von Climate King gibt es standardm\u00e4\u00dfig 5 Jahre Werksgarantie* und auf unsere anderen Klimaanlagen standardm\u00e4\u00dfig zwei Jahre Garantie. <strong>Alle Garantien fallen standardm\u00e4\u00dfig unter die Carry-Inn-Garantie<\/strong>. Wenn Sie Fragen zu den Garantiebedingungen und\/oder -verfahren haben, kontaktieren Sie uns bitte unter: <a href=\"mailto:webshop@climateking.eu\">webshop@climateking.eu<\/a>.<\/p>\n<ul>\n<li><strong>Werksgarantie:<\/strong> Werksgarantie bedeutet, dass Sie Garantie auf die Teile Ihres Kaufs haben. Bei einem Defekt erhalten Sie kostenlos ein neues Teil, das alte Teil muss immer zur\u00fcckgesendet werden. Das Reparieren, Versenden<br \/>\nund\/oder Austauschen von Teilen fallen nicht unter die Garantie.<\/li>\n<li><strong>Carry-Inn-Garantie:<\/strong> Systeme werden nicht beim Kunden zu Hause repariert. Carry Inn<br \/>\nGarantie bedeutet daher, dass das Produkt zu uns zur\u00fcckgebracht werden muss, wenn es repariert oder ersetzt werden muss.<\/li>\n<\/ul>\n<\/div>\n<\/div>\n<\/div>\n<\/div>\n<\/div>\n<\/div>\n<div class=\"vc_separator wpb_content_element vc_separator_align_center vc_sep_width_100 vc_sep_border_width_10 vc_sep_pos_align_center vc_separator_no_text vc_sep_color_white wpb_content_element wpb_content_element\"><\/div>\n<p>[\/vc_column_text][vc_column_text css=\"\"]<\/p>\n<h3>F\u00fcnf Jahre Garantie auf Split-Ger\u00e4te:<\/h3>\n<p>Auf alle Split-Ger\u00e4te gibt es standardm\u00e4\u00dfig 2 Jahre Werksgarantie und maximal 5 Jahre Werksgarantie, wenn die folgenden Bedingungen erf\u00fcllt sind:<\/p>\n<ul>\n<li>Das System muss j\u00e4hrlich von einem BRL-100-zertifizierten Installateur gewartet werden<\/li>\n<li>Das System muss j\u00e4hrlich von einem BRL-100-zertifizierten Installateur inspiziert werden<\/li>\n<li>Alle Arbeiten m\u00fcssen dokumentiert werden<\/li>\n<li>Die Kaufrechnung muss auf Anfrage vorgelegt werden k\u00f6nnen<\/li>\n<li>Der Inbetriebnahmereport muss auf Anfrage vorgelegt werden k\u00f6nnen<\/li>\n<\/ul>\n<p>[\/vc_column_text][vc_column_text css=\"\"]<\/p>\n<h3>Drei Jahre Garantie auf Flachdach-\/Dacheindeckungseinheiten:<\/h3>\n<p>Auf alle Flachdach-\/Dacheindeckungseinheiten gibt es standardm\u00e4\u00dfig 3 Jahre Werksgarantie, wenn die folgenden Bedingungen erf\u00fcllt sind:<\/p>\n<ul>\n<li>Das System muss von einem Climate King-Partner installiert worden sein<\/li>\n<li>Alle Arbeiten am Klimaanlagensystem m\u00fcssen dokumentiert werden<\/li>\n<li>Die Kaufrechnung der Klimaanlage muss auf Anfrage vorgelegt werden k\u00f6nnen<\/li>\n<li>Ein Garantieantrag wird immer von dem Climate King-Partner eingereicht, der die Klimaanlage gekauft hat<\/li>\n<\/ul>\n<p>[\/vc_column_text][\/vc_column][\/vc_row]<\/p>\n<\/div>","protected":false},"excerpt":{"rendered":"<p>[vc_row full_width=\"stretch_row\" content_placement=\"middle\" css=\".vc_custom_1771321030608{padding-top: 20px !important;background-image: url(https:\/\/climateking.eu\/wp-content\/uploads\/2024\/12\/Garantie-comp.jpg?id=6298) !important;background-position: center !important;background-repeat: no-repeat !important;background-size: cover !important;}\"][vc_column][vc_raw_html css=\"\"]JTNDaDElMjBjbGFzcyUzRCUyMmJhbm5lci10aXRsZS1nYXJhbnRpZS1kZSUyMiUzRUdBUkFOVElFJTNDJTJGaDElM0UlMEQlMEElMEQlMEElM0NzdHlsZSUzRSUwRCUwQS5iYW5uZXItdGl0bGUtZ2FyYW50aWUtZGUlN0IlMEQlMEElMjAlMjBjb2xvciUzQSUyM2ZmZmZmZiUzQiUwRCUwQSUyMCUyMGZvbnQtc2l6ZSUzQTYwcHglM0IlMEQlMEElMjAlMjBsaW5lLWhlaWdodCUzQTElM0IlMEQlMEElMjAlMjB0ZXh0LWFsaWduJTNBbGVmdCUzQiUwRCUwQSUyMCUyMGZvbnQtd2VpZ2h0JTNBMzAwJTNCJTBEJTBBJTdEJTBEJTBBJTBEJTBBJTQwbWVkaWElMjAlMjhtYXgtd2lkdGglM0ElMjA3NjhweCUyOSU3QiUwRCUwQSUyMCUyMC5iYW5uZXItdGl0bGUtZ2FyYW50aWUtZGUlN0IlMEQlMEElMjAlMjAlMjAlMjBmb250LXNpemUlM0EyNXB4JTNCJTBEJTBBJTIwJTIwJTdEJTBEJTBBJTdEJTBEJTBBJTNDJTJGc3R5bGUlM0UlMEQlMEE=[\/vc_raw_html][vc_empty_space height=\"150px\"][\/vc_column][\/vc_row][vc_row][vc_column][vc_column_text css=\"\"] GARANTIEBEDINGUNGEN CLIMATE KING BV Alle in den Niederlanden gelieferten Produkte von Climate King haben eine standardm\u00e4\u00dfige Werksgarantie mit einer Laufzeit von 2 Jahren nach Lieferung. Dacheindeckungs-\/Flachdacheinheiten haben eine Werksgarantie von 3 Jahren. F\u00fcr alle Split-Klimaanlagen von Climate King [&hellip;]<\/p>\n","protected":false},"author":1,"featured_media":0,"parent":0,"menu_order":0,"comment_status":"closed","ping_status":"closed","template":"","meta":{"footnotes":""},"class_list":["post-6297","page","type-page","status-publish","hentry"],"blocksy_meta":[],"_links":{"self":[{"href":"https:\/\/climateking.eu\/de\/wp-json\/wp\/v2\/pages\/6297","targetHints":{"allow":["GET"]}}],"collection":[{"href":"https:\/\/climateking.eu\/de\/wp-json\/wp\/v2\/pages"}],"about":[{"href":"https:\/\/climateking.eu\/de\/wp-json\/wp\/v2\/types\/page"}],"author":[{"embeddable":true,"href":"https:\/\/climateking.eu\/de\/wp-json\/wp\/v2\/users\/1"}],"replies":[{"embeddable":true,"href":"https:\/\/climateking.eu\/de\/wp-json\/wp\/v2\/comments?post=6297"}],"version-history":[{"count":6,"href":"https:\/\/climateking.eu\/de\/wp-json\/wp\/v2\/pages\/6297\/revisions"}],"predecessor-version":[{"id":9106,"href":"https:\/\/climateking.eu\/de\/wp-json\/wp\/v2\/pages\/6297\/revisions\/9106"}],"wp:attachment":[{"href":"https:\/\/climateking.eu\/de\/wp-json\/wp\/v2\/media?parent=6297"}],"curies":[{"name":"wp","href":"https:\/\/api.w.org\/{rel}","templated":true}]}}